{"id":423,"date":"2022-09-02T11:19:05","date_gmt":"2022-09-02T09:19:05","guid":{"rendered":"https:\/\/avextra.com\/?page_id=423"},"modified":"2024-08-01T14:02:34","modified_gmt":"2024-08-01T12:02:34","slug":"impressum","status":"publish","type":"page","link":"https:\/\/avextra.com\/en\/impressum\/","title":{"rendered":"Imprint"},"content":{"rendered":"<div style=\"height:250px\" aria-hidden=\"true\" class=\"wp-block-spacer intro-spacer\"><\/div>\n\n\n\n<div class=\"wp-block-group pb-5 mb-4 is-layout-flow wp-block-group-is-layout-flow\">\n<p class=\"px-3 px-md-4 px-lg-5 fs-100 has-primary-color has-text-color\" style=\"font-size:100px;font-style:italic;font-weight:300;line-height:1.1\">Imprint<\/p>\n\n\n\n<div style=\"height:100px\" aria-hidden=\"true\" class=\"wp-block-spacer\"><\/div>\n\n\n\n<div class=\"wp-block-group px-3 px-md-4 px-lg-5 has-secondary-color has-text-color is-layout-flow wp-block-group-is-layout-flow\">\n<p><strong>Avextra Pharma GmbH<\/strong><br>Kurf\u00fcrstendamm 195<br>10707 Berlin, Germany<\/p>\n\n\n\n<p>E-mail:&nbsp;<a href=\"mailto:info@avextra.com\">info@avextra.com<\/a><\/p>\n\n\n\n<p><strong>Management:<br><\/strong>Dr. Bernhard Babel<\/p>\n\n\n\n<p><strong>F\u00fcr Inhalte verantwortlich:<br><\/strong>Dr. Bernhard Babel<\/p>\n\n\n\n<p><strong>Verantwortlich i.S.d. \u00a7 55 Abs. 2 RStV:<br><\/strong>Avextra Pharma ist Teil der Avextra AG.<\/p>\n\n\n\n<p><strong>Registergericht:<br><\/strong>Amtsgericht Charlottenburg (Berlin) HRB 206220 B, Kurf\u00fcrstendamm 195, 10707 Berlin, Germany<br><strong><br>Umsatzsteuer-ID:<br><\/strong>DE 326869835<\/p>\n\n\n\n<p>Aufsichtsbeh\u00f6rde pharmazeutischer Gro\u00dfhandel im Sinne von \u00a752a und \u00a772 AMG:&nbsp;<a href=\"https:\/\/www.berlin.de\/lageso\/gesundheit\/pharmaziewesen-und-medizinprodukte\/arzneimittelwesen\/\" target=\"_blank\" rel=\"noreferrer noopener\">LAGeSo Berlin<\/a><br>Aufsichtsbeh\u00f6rde f\u00fcr den Handel mit Bet\u00e4ubungsmitteln im Sinne von: \u00a73 BtMG:&nbsp;<a href=\"https:\/\/www.bfarm.de\/DE\/Bundesopiumstelle\/_node.html\" target=\"_blank\" rel=\"noreferrer noopener\">Federal Institute for Drugs and Medical Devices \u2013 Federal Opium Agency<\/a><\/p>\n\n\n\n<h3 class=\"wp-block-heading\">HAFTUNGSAUSSCHLUSS (DISCLAIMER)<\/h3>\n\n\n\n<p><strong>Haftung f\u00fcr Inhalte<\/strong><\/p>\n\n\n\n<p>Als Diensteanbieter sind wir gem\u00e4\u00df \u00a7 7 Abs.1 DDG f\u00fcr eigene Inhalte auf diesen Seiten nach den allgemeinen Gesetzen verantwortlich. Nach \u00a7\u00a7 8 bis 10 DDG sind wir als Diensteanbieter jedoch nicht verpflichtet, \u00fcbermittelte oder gespeicherte fremde Informationen zu \u00fcberwachen oder nach Umst\u00e4nden zu forschen, die auf eine rechtswidrige T\u00e4tigkeit hinweisen. Verpflichtungen zur Entfernung oder Sperrung der Nutzung von Informationen nach den allgemeinen Gesetzen bleiben hiervon unber\u00fchrt. Eine diesbez\u00fcgliche Haftung ist jedoch erst ab dem Zeitpunkt der Kenntnis einer konkreten Rechtsverletzung m\u00f6glich. Bei Bekanntwerden von entsprechenden Rechtsverletzungen werden wir diese Inhalte umgehend entfernen.<\/p>\n\n\n\n<p><strong>Haftung f\u00fcr Links<\/strong><\/p>\n\n\n\n<p>Unser Angebot enth\u00e4lt Links zu externen Webseiten Dritter, auf deren Inhalte wir keinen Einfluss haben. Deshalb k\u00f6nnen wir f\u00fcr diese fremden Inhalte auch keine Gew\u00e4hr \u00fcbernehmen. F\u00fcr die Inhalte der verlinkten Seiten ist stets der jeweilige Anbieter oder Betreiber der Seiten verantwortlich. Die verlinkten Seiten wurden zum Zeitpunkt der Verlinkung auf m\u00f6gliche Rechtsverst\u00f6\u00dfe \u00fcberpr\u00fcft. Rechtswidrige Inhalte waren zum Zeitpunkt der Verlinkung nicht erkennbar. Eine permanente inhaltliche Kontrolle der verlinkten Seiten ist jedoch ohne konkrete Anhaltspunkte einer Rechtsverletzung nicht zumutbar. Bei Bekanntwerden von Rechtsverletzungen werden wir derartige Links umgehend entfernen.<\/p>\n\n\n\n<p><strong>Urheberrecht<\/strong><\/p>\n\n\n\n<p>Die durch die Seitenbetreiber erstellten Inhalte und Werke auf diesen Seiten unterliegen dem deutschen Urheberrecht. Die Vervielf\u00e4ltigung, Bearbeitung, Verbreitung und jede Art der Verwertung au\u00dferhalb der Grenzen des Urheberrechtes bed\u00fcrfen der schriftlichen Zustimmung des jeweiligen Autors bzw. Erstellers. Downloads und Kopien dieser Seite sind nur f\u00fcr den privaten, nicht kommerziellen Gebrauch gestattet. Soweit die Inhalte auf dieser Seite nicht vom Betreiber erstellt wurden, werden die Urheberrechte Dritter beachtet. Insbesondere werden Inhalte Dritter als solche gekennzeichnet. Sollten Sie trotzdem auf eine Urheberrechtsverletzung aufmerksam werden, bitten wir um einen entsprechenden Hinweis. Bei Bekanntwerden von Rechtsverletzungen werden wir derartige Inhalte umgehend entfernen.<\/p>\n\n\n\n<div style=\"height:100px\" aria-hidden=\"true\" class=\"wp-block-spacer\"><\/div>\n\n\n\n<h3 class=\"wp-block-heading\">Photo Credits<\/h3>\n\n\n\n<p><strong>Pictograms<\/strong><\/p>\n\n\n\n<p>By templates from <strong><a href=\"https:\/\/www.flaticon.com\" target=\"_blank\" rel=\"noreferrer noopener\">flaticon.com<\/a><\/strong>: Freepik, \u2026<\/p>\n\n\n\n<p><strong>Photographic Images<\/strong><\/p>\n\n\n\n<p>Torsten Meyer-Bautor \u2013 <a href=\"https:\/\/txbpct.myportfolio.com\" target=\"_blank\" rel=\"noreferrer noopener\">txb.pct<\/a><\/p>\n\n\n\n<p><a href=\"https:\/\/www.isildohnke.com\" target=\"_blank\" rel=\"noreferrer noopener\">Isil Dohnke  Photography<\/a><\/p>\n\n\n\n<p><a href=\"https:\/\/www.shutterstock.com\/de\/\" target=\"_blank\" rel=\"noreferrer noopener\">Shutterstock<\/a><\/p>\n\n\n\n<div style=\"height:100px\" aria-hidden=\"true\" class=\"wp-block-spacer\"><\/div>\n\n\n\n<p><strong>Programmierung und technischer Support:<br><\/strong><a href=\"https:\/\/studio-horn.de\">STUDIOHORN<\/a><\/p>\n<\/div>\n<\/div>","protected":false},"excerpt":{"rendered":"<p>Impressum Avextra Pharma GmbHKurf\u00fcrstendamm 19510707 Berlin, Germany E-mail:&nbsp;info@avextra.com Management:Dr. Bernhard Babel F\u00fcr Inhalte verantwortlich:Dr. Bernhard Babel Verantwortlich i.S.d. \u00a7 55 Abs. 2 RStV:Avextra Pharma ist Teil der Avextra AG. Registergericht:Amtsgericht Charlottenburg (Berlin) HRB 206220 B, Kurf\u00fcrstendamm 195, 10707 Berlin, GermanyUmsatzsteuer-ID:DE 326869835 Aufsichtsbeh\u00f6rde pharmazeutischer Gro\u00dfhandel im Sinne von \u00a752a und \u00a772 AMG:&nbsp;LAGeSo BerlinAufsichtsbeh\u00f6rde f\u00fcr den Handel [&hellip;]<\/p>\n","protected":false},"author":1,"featured_media":0,"parent":0,"menu_order":0,"comment_status":"closed","ping_status":"closed","template":"","meta":{"inline_featured_image":false,"advgb_blocks_editor_width":"","advgb_blocks_columns_visual_guide":"","footnotes":""},"yoast_head":"<!-- This site is optimized with the Yoast SEO plugin v23.5 - https:\/\/yoast.com\/wordpress\/plugins\/seo\/ -->\n<title>Impressum - Avextra Pharma GmbH<\/title>\n<meta name=\"description\" content=\"Im Impressum die Adresse und vertretungsberechtigten Gesch\u00e4ftsf\u00fchrer der Avextra Pharma GmbH \u00bb E-mail: info@avextra.com\" \/>\n<meta name=\"robots\" content=\"index, follow, max-snippet:-1, max-image-preview:large, max-video-preview:-1\" \/>\n<link rel=\"canonical\" href=\"https:\/\/avextra.com\/en\/impressum\/\" \/>\n<meta property=\"og:locale\" content=\"en_US\" \/>\n<meta property=\"og:type\" content=\"article\" \/>\n<meta property=\"og:title\" content=\"Impressum - Avextra Pharma GmbH\" \/>\n<meta property=\"og:description\" content=\"Im Impressum die Adresse und vertretungsberechtigten Gesch\u00e4ftsf\u00fchrer der Avextra Pharma GmbH \u00bb E-mail: info@avextra.com\" \/>\n<meta property=\"og:url\" content=\"https:\/\/avextra.com\/en\/impressum\/\" \/>\n<meta property=\"og:site_name\" content=\"Cannabisbasierte Arzneimittel von Avextra\" \/>\n<meta property=\"article:modified_time\" content=\"2024-08-01T12:02:34+00:00\" \/>\n<meta name=\"twitter:card\" content=\"summary_large_image\" \/>\n<meta name=\"twitter:label1\" content=\"Est. reading time\" \/>\n\t<meta name=\"twitter:data1\" content=\"3 minutes\" \/>\n<script type=\"application\/ld+json\" class=\"yoast-schema-graph\">{\"@context\":\"https:\/\/schema.org\",\"@graph\":[{\"@type\":\"WebPage\",\"@id\":\"https:\/\/avextra.com\/impressum\/\",\"url\":\"https:\/\/avextra.com\/impressum\/\",\"name\":\"Impressum - Avextra Pharma GmbH\",\"isPartOf\":{\"@id\":\"https:\/\/avextra.com\/#website\"},\"datePublished\":\"2022-09-02T09:19:05+00:00\",\"dateModified\":\"2024-08-01T12:02:34+00:00\",\"description\":\"Im Impressum die Adresse und vertretungsberechtigten Gesch\u00e4ftsf\u00fchrer der Avextra Pharma GmbH \u00bb E-mail: info@avextra.com\",\"breadcrumb\":{\"@id\":\"https:\/\/avextra.com\/impressum\/#breadcrumb\"},\"inLanguage\":\"en-US\",\"potentialAction\":[{\"@type\":\"ReadAction\",\"target\":[\"https:\/\/avextra.com\/impressum\/\"]}]},{\"@type\":\"BreadcrumbList\",\"@id\":\"https:\/\/avextra.com\/impressum\/#breadcrumb\",\"itemListElement\":[{\"@type\":\"ListItem\",\"position\":1,\"name\":\"Startseite\",\"item\":\"https:\/\/avextra.com\/\"},{\"@type\":\"ListItem\",\"position\":2,\"name\":\"Impressum\"}]},{\"@type\":\"WebSite\",\"@id\":\"https:\/\/avextra.com\/#website\",\"url\":\"https:\/\/avextra.com\/\",\"name\":\"Cannabisbasierte Arzneimittel von Avextra\",\"description\":\"\",\"publisher\":{\"@id\":\"https:\/\/avextra.com\/#organization\"},\"potentialAction\":[{\"@type\":\"SearchAction\",\"target\":{\"@type\":\"EntryPoint\",\"urlTemplate\":\"https:\/\/avextra.com\/?s={search_term_string}\"},\"query-input\":{\"@type\":\"PropertyValueSpecification\",\"valueRequired\":true,\"valueName\":\"search_term_string\"}}],\"inLanguage\":\"en-US\"},{\"@type\":\"Organization\",\"@id\":\"https:\/\/avextra.com\/#organization\",\"name\":\"Avextra Pharma GmbH\",\"url\":\"https:\/\/avextra.com\/\",\"logo\":{\"@type\":\"ImageObject\",\"inLanguage\":\"en-US\",\"@id\":\"https:\/\/avextra.com\/#\/schema\/logo\/image\/\",\"url\":\"https:\/\/avextra.com\/wp-content\/uploads\/2022\/08\/AVX-Logo_Wortmarke-Balken_extrablue.svg\",\"contentUrl\":\"https:\/\/avextra.com\/wp-content\/uploads\/2022\/08\/AVX-Logo_Wortmarke-Balken_extrablue.svg\",\"caption\":\"Avextra Pharma GmbH\"},\"image\":{\"@id\":\"https:\/\/avextra.com\/#\/schema\/logo\/image\/\"},\"sameAs\":[\"https:\/\/www.linkedin.com\/company\/avextra-ag\/\",\"https:\/\/www.xing.com\/pages\/avextra\"]}]}<\/script>\n<!-- \/ Yoast SEO plugin. -->","yoast_head_json":{"title":"Impressum - Avextra Pharma GmbH","description":"Im Impressum die Adresse und vertretungsberechtigten Gesch\u00e4ftsf\u00fchrer der Avextra Pharma GmbH \u00bb E-mail: info@avextra.com","robots":{"index":"index","follow":"follow","max-snippet":"max-snippet:-1","max-image-preview":"max-image-preview:large","max-video-preview":"max-video-preview:-1"},"canonical":"https:\/\/avextra.com\/en\/impressum\/","og_locale":"en_US","og_type":"article","og_title":"Impressum - Avextra Pharma GmbH","og_description":"Im Impressum die Adresse und vertretungsberechtigten Gesch\u00e4ftsf\u00fchrer der Avextra Pharma GmbH \u00bb E-mail: info@avextra.com","og_url":"https:\/\/avextra.com\/en\/impressum\/","og_site_name":"Cannabisbasierte Arzneimittel von Avextra","article_modified_time":"2024-08-01T12:02:34+00:00","twitter_card":"summary_large_image","twitter_misc":{"Est. reading time":"3 minutes"},"schema":{"@context":"https:\/\/schema.org","@graph":[{"@type":"WebPage","@id":"https:\/\/avextra.com\/impressum\/","url":"https:\/\/avextra.com\/impressum\/","name":"Impressum - Avextra Pharma GmbH","isPartOf":{"@id":"https:\/\/avextra.com\/#website"},"datePublished":"2022-09-02T09:19:05+00:00","dateModified":"2024-08-01T12:02:34+00:00","description":"Im Impressum die Adresse und vertretungsberechtigten Gesch\u00e4ftsf\u00fchrer der Avextra Pharma GmbH \u00bb E-mail: info@avextra.com","breadcrumb":{"@id":"https:\/\/avextra.com\/impressum\/#breadcrumb"},"inLanguage":"en-US","potentialAction":[{"@type":"ReadAction","target":["https:\/\/avextra.com\/impressum\/"]}]},{"@type":"BreadcrumbList","@id":"https:\/\/avextra.com\/impressum\/#breadcrumb","itemListElement":[{"@type":"ListItem","position":1,"name":"Startseite","item":"https:\/\/avextra.com\/"},{"@type":"ListItem","position":2,"name":"Impressum"}]},{"@type":"WebSite","@id":"https:\/\/avextra.com\/#website","url":"https:\/\/avextra.com\/","name":"Cannabisbasierte Arzneimittel von Avextra","description":"","publisher":{"@id":"https:\/\/avextra.com\/#organization"},"potentialAction":[{"@type":"SearchAction","target":{"@type":"EntryPoint","urlTemplate":"https:\/\/avextra.com\/?s={search_term_string}"},"query-input":{"@type":"PropertyValueSpecification","valueRequired":true,"valueName":"search_term_string"}}],"inLanguage":"en-US"},{"@type":"Organization","@id":"https:\/\/avextra.com\/#organization","name":"Avextra Pharma GmbH","url":"https:\/\/avextra.com\/","logo":{"@type":"ImageObject","inLanguage":"en-US","@id":"https:\/\/avextra.com\/#\/schema\/logo\/image\/","url":"https:\/\/avextra.com\/wp-content\/uploads\/2022\/08\/AVX-Logo_Wortmarke-Balken_extrablue.svg","contentUrl":"https:\/\/avextra.com\/wp-content\/uploads\/2022\/08\/AVX-Logo_Wortmarke-Balken_extrablue.svg","caption":"Avextra Pharma GmbH"},"image":{"@id":"https:\/\/avextra.com\/#\/schema\/logo\/image\/"},"sameAs":["https:\/\/www.linkedin.com\/company\/avextra-ag\/","https:\/\/www.xing.com\/pages\/avextra"]}]}},"coauthors":[],"author_meta":{"author_link":"https:\/\/avextra.com\/en\/author\/mhorn\/","display_name":"MHorn"},"relative_dates":{"created":"Posted 4 years ago","modified":"Updated 2 years ago"},"absolute_dates":{"created":"Posted on 2. September 2022","modified":"Updated on 1. August 2024"},"absolute_dates_time":{"created":"Posted on 2. September 2022 11:19","modified":"Updated on 1. August 2024 14:02"},"featured_img_caption":"","featured_img":false,"series_order":"","_links":{"self":[{"href":"https:\/\/avextra.com\/en\/wp-json\/wp\/v2\/pages\/423"}],"collection":[{"href":"https:\/\/avextra.com\/en\/wp-json\/wp\/v2\/pages"}],"about":[{"href":"https:\/\/avextra.com\/en\/wp-json\/wp\/v2\/types\/page"}],"author":[{"embeddable":true,"href":"https:\/\/avextra.com\/en\/wp-json\/wp\/v2\/users\/1"}],"replies":[{"embeddable":true,"href":"https:\/\/avextra.com\/en\/wp-json\/wp\/v2\/comments?post=423"}],"version-history":[{"count":6,"href":"https:\/\/avextra.com\/en\/wp-json\/wp\/v2\/pages\/423\/revisions"}],"predecessor-version":[{"id":4709,"href":"https:\/\/avextra.com\/en\/wp-json\/wp\/v2\/pages\/423\/revisions\/4709"}],"wp:attachment":[{"href":"https:\/\/avextra.com\/en\/wp-json\/wp\/v2\/media?parent=423"}],"curies":[{"name":"wp","href":"https:\/\/api.w.org\/{rel}","templated":true}]}}