{"id":14,"date":"2022-08-26T08:15:33","date_gmt":"2022-08-26T06:15:33","guid":{"rendered":"https:\/\/avextra.com\/?page_id=14"},"modified":"2025-04-24T11:15:46","modified_gmt":"2025-04-24T09:15:46","slug":"medizinisches-cannabis","status":"publish","type":"page","link":"https:\/\/avextra.com\/it\/medizinisches-cannabis\/","title":{"rendered":"Cannabis terapeutica"},"content":{"rendered":"<div style=\"height:250px\" aria-hidden=\"true\" class=\"wp-block-spacer intro-spacer\"><\/div>\n\n\n\n<div id=\"intro\" class=\"wp-block-group pb-5 mb-4 is-layout-flow wp-block-group-is-layout-flow\">\n<p class=\"px-3 px-md-4 px-lg-5 fs-50 animated fadeInDown has-primary-color has-text-color\" style=\"font-size:50px;font-style:italic;font-weight:300;line-height:1.1\">Con la nostra esperienza nella produzione di farmaci a base vegetale, siamo impegnati a sfruttare il significativo potenziale terapeutico di questa pianta medicinale a beneficio dei pazienti di tutto il mondo<\/p>\n\n\n\n<div class=\"wp-block-group mt-5 pt-5 px-3 px-md-4 px-lg-5 is-layout-flow wp-block-group-is-layout-flow\">\n<div class=\"wp-block-cover akzent-cover lower-left animated fadeInRight\" style=\"min-height:700px\"><span aria-hidden=\"true\" class=\"wp-block-cover__background has-background-dim-0 has-background-dim\"><\/span><img decoding=\"async\" width=\"1920\" height=\"1549\" class=\"wp-block-cover__image-background wp-image-486\" alt=\"\" src=\"https:\/\/avextra.com\/wp-content\/uploads\/2022\/09\/Gruppe-maskieren-130.jpg\" data-object-fit=\"cover\" srcset=\"https:\/\/avextra.com\/wp-content\/uploads\/2022\/09\/Gruppe-maskieren-130.jpg 1920w, https:\/\/avextra.com\/wp-content\/uploads\/2022\/09\/Gruppe-maskieren-130-300x242.jpg 300w, https:\/\/avextra.com\/wp-content\/uploads\/2022\/09\/Gruppe-maskieren-130-1024x826.jpg 1024w, https:\/\/avextra.com\/wp-content\/uploads\/2022\/09\/Gruppe-maskieren-130-768x620.jpg 768w, https:\/\/avextra.com\/wp-content\/uploads\/2022\/09\/Gruppe-maskieren-130-1536x1239.jpg 1536w, https:\/\/avextra.com\/wp-content\/uploads\/2022\/09\/Gruppe-maskieren-130-2048x1652.jpg 2048w\" sizes=\"(max-width: 1920px) 100vw, 1920px\" \/><div class=\"wp-block-cover__inner-container is-layout-flow wp-block-cover-is-layout-flow\">\n<div id=\"patienten\" class=\"wp-block-group akzent-cover-inner mb-100 p-3 p-md-4 animated fadeInLeft delay-200ms has-white-color has-text-color has-background is-layout-flow wp-block-group-is-layout-flow\" style=\"background-color:#1d9fe0bf\">\n<h1 class=\"wp-block-heading\" style=\"font-style:normal;font-weight:600\">Pazienti al centro<\/h1>\n\n\n\n<p>I pazienti non soffrono solo delle loro malattie, ma anche dei sintomi e degli oneri che derivano dal far fronte a gravi malattie. L'obiettivo della nostra ricerca \u00e8 quello di sviluppare prodotti a base di cannabis che si sono dimostrati efficaci nell\u2019 alleviare i sintomi e migliorare la qualit\u00e0 della vita.<\/p>\n<\/div>\n<\/div><\/div>\n<\/div>\n\n\n\n<div style=\"height:100px\" aria-hidden=\"true\" class=\"wp-block-spacer\"><\/div>\n\n\n\n<div class=\"wp-block-group ms-auto me-0 container-large px-3 px-md-4 px-lg-5 has-secondary-color has-text-color is-layout-flow wp-block-group-is-layout-flow\">\n<p class=\"animated fadeInUp\" style=\"font-size:25px;font-style:normal;font-weight:500\">Cerchiamo di portare sollievo ai pazienti gravemente malati <br>Questo \u00e8 il motivo per cui stiamo continuamente sviluppando e migliorando estratti di cannabis di alta qualit\u00e0 e API.<\/p>\n\n\n\n<ul class=\"list\">\n<li>Con effetti standardizzati, prevedibili e coerenti, lotto per lotto.<\/li>\n\n\n\n<li>che soddisfano tutte le specifiche normative e gli standard di qualit\u00e0 dell'UE.<\/li>\n\n\n\n<li>-In un impianto di produzione farmaceutica all'avanguardia, Made in Germany.<\/li>\n<\/ul>\n<\/div>\n\n\n\n<div style=\"height:75px\" aria-hidden=\"true\" class=\"wp-block-spacer\"><\/div>\n\n\n\n<div class=\"wp-block-group container-large quote-container animated fadeInUp is-layout-flow wp-block-group-is-layout-flow\">\n<p class=\"fs-50 has-primary-color has-text-color\" style=\"font-size:50px;font-style:italic;font-weight:300;line-height:1.1\">Non possiamo aggiungere giorni a una vita ma possiamo aggiungere vita ai giorni<\/p>\n\n\n\n<p class=\"has-primary-color has-text-color\" style=\"font-size:18px;font-style:normal;font-weight:700\">Dame Cicely Saunders<\/p>\n<\/div>\n<\/div>\n\n\n\n<div id=\"endocannabinoidsystem\" class=\"wp-block-group animated fadeInUp is-vertical is-content-justification-center is-layout-flex wp-container-core-group-layout-6 wp-block-group-is-layout-flex\">\n<div style=\"height:0px\" aria-hidden=\"true\" class=\"wp-block-spacer wp-container-content-1\"><\/div>\n\n\n\n<figure class=\"wp-block-image size-large is-resized mx-auto scroll-up pb-5\"><a href=\"#\"><img decoding=\"async\" width=\"32\" height=\"47\" src=\"https:\/\/avextra.com\/wp-content\/uploads\/2022\/08\/scroll-up.svg\" alt=\"\" class=\"wp-image-73\" style=\"width:45px\"\/><\/a><\/figure>\n<\/div>\n\n\n\n<div class=\"wp-block-group px-3 px-md-4 px-lg-5 animated fadeInUp is-layout-flow wp-block-group-is-layout-flow\">\n<div class=\"wp-block-group p-3 p-md-4 p-lg-5 has-white-color has-primary-background-color has-text-color has-background is-layout-flow wp-block-group-is-layout-flow\">\n<h3 class=\"wp-block-heading akzent-cover-headline pt-4 pb-2 fs-30\" style=\"font-size:30px;font-style:normal;font-weight:900\">SISTEMa ENDOCaNNABINOIDE<\/h3>\n\n\n\n<p style=\"font-size:30px;font-style:normal;font-weight:600\">Il sistema endocannabonoide (ECS) \u00e8 stato identificato per la prima volta negli anni '90 ed \u00e8 lungi dall'essere pienamente compreso dalla scienza medica moderna. Come suggerisce il nome, il sistema endocannabinoide \u00e8 endogeno al corpo umano ed \u00e8 presente in qualche modo in tutti gli organi e tessuti. \u00c8 composto da recettori cannabinoidi, cannabinoidi endogeni ed enzimi che sintetizzano e degradano questi cannabinoidi.<sup>1<\/sup><\/p>\n\n\n\n<p style=\"font-size:12px;font-style:normal;font-weight:500\">1 M\u00fcller-Vahl KR, GrotenhernenF. Cannabis und Cannabinoide in der Medizin. MWV 2020; Hinz B. Pharmakon 2017; 2:109-117; Hoch E et al. Cannabis-Eine wissenschaftliche Bestandsaufnahme. Springer Verlag 2019<\/p>\n<\/div>\n<\/div>\n\n\n\n<div class=\"wp-block-group animated fadeInUp is-vertical is-content-justification-center is-layout-flex wp-container-core-group-layout-9 wp-block-group-is-layout-flex\">\n<div style=\"height:0px\" aria-hidden=\"true\" class=\"wp-block-spacer wp-container-content-2\"><\/div>\n\n\n\n<figure class=\"wp-block-image size-large is-resized mx-auto scroll-up pb-5\"><a href=\"#\"><img decoding=\"async\" width=\"32\" height=\"47\" src=\"https:\/\/avextra.com\/wp-content\/uploads\/2022\/08\/scroll-up.svg\" alt=\"\" class=\"wp-image-73\" style=\"width:45px\"\/><\/a><\/figure>\n<\/div>\n\n\n\n<div class=\"wp-block-group is-layout-flow wp-block-group-is-layout-flow\">\n<div style=\"height:25px\" aria-hidden=\"true\" class=\"wp-block-spacer akzent-spacer center-left px-3 px-md-4 px-lg-5\"><\/div>\n<\/div>\n\n\n\n<div id=\"info\" class=\"wp-block-group info-section has-secondary-color has-text-color is-layout-flow wp-block-group-is-layout-flow\">\n<div class=\"wp-block-group container-large ms-auto me-0 px-3 px-md-4 px-lg-5 is-layout-flow wp-block-group-is-layout-flow\">\n<h3 class=\"wp-block-heading akzent-cover-headline pt-4 pb-2 animated fadeInUp\" style=\"font-size:30px;font-style:normal;font-weight:900\">ACCESSO ALLA CANNABIS MEDICA<\/h3>\n\n\n\n<p class=\"animated fadeInUp\" style=\"font-size:30px;font-style:normal;font-weight:500\">La pianta di cannabis \u00e8 stata tradizionalmente utilizzata per scopi terapeutici per molte centinaia, se non migliaia di anni. Negli ultimi anni, sempre pi\u00f9 pazienti e medici hanno rinnovato l'interesse per le terapie a base di cannabis medica. Molti paesi al mondo garantiscono ai pazienti l'accesso alla cannabis medica anche se con normative e regolamenti molto diversi. Le autorit\u00e0 sanitarie nazionali possono informare i pazienti e i medici dello stato di accesso a queste terapie nei singoli paesi.<\/p>\n<\/div>\n\n\n\n<div class=\"wp-block-group avextra-accordion-outer pt-5 container-large ms-auto me-0 px-3 px-md-4 px-lg-5 is-layout-flow wp-block-group-is-layout-flow\">\n<div class=\"wp-block-advgb-accordions advgb-accordions-9acac20b-c4ed-406f-b274-de44314f2511 advgb-accordion-wrapper avextra-accordion container-large me-0 ms-auto\">\n<div class=\"wp-block-advgb-accordion-item advgb-accordion-item ps-0 animated fadeInUp\" style=\"margin-bottom:15px\"><div class=\"advgb-accordion-header\" style=\"background-color:#000;color:#1D9EE0;border-style:solid;border-width:1px;border-radius:2px\"><span class=\"advgb-accordion-header-icon\"><svg fill=\"#1D9EE0\" xmlns=\"http:\/\/www.w3.org\/2000\/svg\" width=\"24\" height=\"24\" viewbox=\"0 0 24 24\"><path opacity=\"0.87\" fill=\"none\" d=\"M24,24H0L0,0l24,0V24z\"><\/path><path d=\"M16.59,8.59L12,13.17L7.41,8.59L6,10l6,6l6-6L16.59,8.59z\"><\/path><\/svg><\/span><h3 class=\"advgb-accordion-header-title\" style=\"color:inherit\">_ Cannabis Medica<\/h3><\/div><div class=\"advgb-accordion-body\" style=\"border-style:solid !important;border-width:1px !important;border-color:undefined !important;border-top:none !important;border-radius:2px !important\">\n<div class=\"wp-block-columns is-layout-flex wp-container-core-columns-layout-1 wp-block-columns-is-layout-flex\">\n<div class=\"wp-block-column is-layout-flow wp-block-column-is-layout-flow\" style=\"flex-basis:33.33%\">\n<figure class=\"wp-block-image size-full\"><img decoding=\"async\" width=\"673\" height=\"579\" src=\"https:\/\/avextra.com\/wp-content\/uploads\/2022\/09\/Gruppe-maskieren-111.jpg\" alt=\"\" class=\"wp-image-487\" srcset=\"https:\/\/avextra.com\/wp-content\/uploads\/2022\/09\/Gruppe-maskieren-111.jpg 673w, https:\/\/avextra.com\/wp-content\/uploads\/2022\/09\/Gruppe-maskieren-111-300x258.jpg 300w\" sizes=\"(max-width: 673px) 100vw, 673px\" \/><\/figure>\n<\/div>\n\n\n\n<div class=\"wp-block-column is-layout-flow wp-block-column-is-layout-flow\" style=\"flex-basis:66.66%\">\n<p class=\"has-secondary-color has-text-color\" style=\"font-size:30px\">I prodotti a base di cannabis medica sono considerati come preparati magistrali e officinali dalla pianta di cannabis. Nell'Unione europea sono prodotti in conformit\u00e0 con le normative e gli standard farmaceutici dell'UE per i farmaci a base di erbe.<sup>1<\/sup> Questi includono diversi estratti di cannabis e infiorescenze di cannabis essicate.<sup>2<\/sup><\/p>\n<\/div>\n<\/div>\n<\/div><\/div>\n\n\n\n<div class=\"wp-block-advgb-accordion-item advgb-accordion-item ps-0 animated fadeInUp\" style=\"margin-bottom:15px\"><div class=\"advgb-accordion-header\" style=\"background-color:#000;color:#1D9EE0;border-style:solid;border-width:1px;border-radius:2px\"><span class=\"advgb-accordion-header-icon\"><svg fill=\"#1D9EE0\" xmlns=\"http:\/\/www.w3.org\/2000\/svg\" width=\"24\" height=\"24\" viewbox=\"0 0 24 24\"><path opacity=\"0.87\" fill=\"none\" d=\"M24,24H0L0,0l24,0V24z\"><\/path><path d=\"M16.59,8.59L12,13.17L7.41,8.59L6,10l6,6l6-6L16.59,8.59z\"><\/path><\/svg><\/span><h3 class=\"advgb-accordion-header-title\" style=\"color:inherit\">_ Cannabinoidi<\/h3><\/div><div class=\"advgb-accordion-body\" style=\"border-style:solid !important;border-width:1px !important;border-color:undefined !important;border-top:none !important;border-radius:2px !important\">\n<p style=\"font-size:30px\">I cannabinoidi comprendono un gruppo non uniforme di composti specifici che includono sostanze sia neutre che contenenti gruppi acidi (carbossilici).<sup>1<\/sup> Sono stati isolati oltre 100 cannabinoidi e per un sottogruppo di questi sono stati riscontrati effetti farmacologici sull'uomo.<br><br>I fitocannabinoidi pi\u00f9 studiati finora sono il delta-9-tetraidrocannabinolo (THC, dronabinolo) e il cannabidiolo (CBD).<\/p>\n<\/div><\/div>\n\n\n\n<div class=\"wp-block-advgb-accordion-item advgb-accordion-item ps-0 animated fadeInUp\" style=\"margin-bottom:15px\"><div class=\"advgb-accordion-header\" style=\"background-color:#000;color:#1D9EE0;border-style:solid;border-width:1px;border-radius:2px\"><span class=\"advgb-accordion-header-icon\"><svg fill=\"#1D9EE0\" xmlns=\"http:\/\/www.w3.org\/2000\/svg\" width=\"24\" height=\"24\" viewbox=\"0 0 24 24\"><path opacity=\"0.87\" fill=\"none\" d=\"M24,24H0L0,0l24,0V24z\"><\/path><path d=\"M16.59,8.59L12,13.17L7.41,8.59L6,10l6,6l6-6L16.59,8.59z\"><\/path><\/svg><\/span><h3 class=\"advgb-accordion-header-title\" style=\"color:inherit\">_ THC<\/h3><\/div><div class=\"advgb-accordion-body\" style=\"border-style:solid !important;border-width:1px !important;border-color:undefined !important;border-top:none !important;border-radius:2px !important\">\n<figure class=\"wp-block-image size-full is-resized\"><img decoding=\"async\" width=\"742\" height=\"402\" src=\"https:\/\/avextra.com\/wp-content\/uploads\/2022\/09\/1200px-Tetrahydrocannabinol.svg.png\" alt=\"\" class=\"wp-image-403\" style=\"width:450px\" srcset=\"https:\/\/avextra.com\/wp-content\/uploads\/2022\/09\/1200px-Tetrahydrocannabinol.svg.png 742w, https:\/\/avextra.com\/wp-content\/uploads\/2022\/09\/1200px-Tetrahydrocannabinol.svg-300x163.png 300w\" sizes=\"(max-width: 742px) 100vw, 742px\" \/><\/figure>\n\n\n\n<p style=\"font-size:30px\">Il THC \u00e8 la sostanza all'interno della pianta di cannabis con un effetto psicoattivo. Nel corpo umano, il THC interagisce e si lega con i recettori nel sistema endocannabinoide.<br><br>Studi clinici hanno dimostrato che il THC pu\u00f2 essere efficace nel trattamento di dolore, ansia, spasmi muscolari e nausea.<sup>3<\/sup> Sulla base di queste prove empiriche, medici e ricercatori qualificati di livello internazionale hanno formulato raccomandazioni per l'uso del THC nel trattamento di una serie di malattie tra cui il dolore neuropatico e altre forme di dolore, nonch\u00e9 per nausea e vomito indotti dalla chemioterapia, spasticit\u00e0 in relazione alla sclerosi multipla, stimolazione dell'appetito e perdita di esso in combinazione con HIV AIDS.<sup>4<\/sup>.<\/p>\n<\/div><\/div>\n\n\n\n<div class=\"wp-block-advgb-accordion-item advgb-accordion-item ps-0 animated fadeInUp\" style=\"margin-bottom:15px\"><div class=\"advgb-accordion-header\" style=\"background-color:#000;color:#1D9EE0;border-style:solid;border-width:1px;border-radius:2px\"><span class=\"advgb-accordion-header-icon\"><svg fill=\"#1D9EE0\" xmlns=\"http:\/\/www.w3.org\/2000\/svg\" width=\"24\" height=\"24\" viewbox=\"0 0 24 24\"><path opacity=\"0.87\" fill=\"none\" d=\"M24,24H0L0,0l24,0V24z\"><\/path><path d=\"M16.59,8.59L12,13.17L7.41,8.59L6,10l6,6l6-6L16.59,8.59z\"><\/path><\/svg><\/span><h3 class=\"advgb-accordion-header-title\" style=\"color:inherit\">_ CBD<\/h3><\/div><div class=\"advgb-accordion-body\" style=\"border-style:solid !important;border-width:1px !important;border-color:undefined !important;border-top:none !important;border-radius:2px !important\">\n<figure class=\"wp-block-image size-full is-resized\"><img decoding=\"async\" width=\"730\" height=\"382\" src=\"https:\/\/avextra.com\/wp-content\/uploads\/2022\/09\/Cannabidiol_Structural_formula_V1.svg.png\" alt=\"\" class=\"wp-image-404\" style=\"width:400px\" srcset=\"https:\/\/avextra.com\/wp-content\/uploads\/2022\/09\/Cannabidiol_Structural_formula_V1.svg.png 730w, https:\/\/avextra.com\/wp-content\/uploads\/2022\/09\/Cannabidiol_Structural_formula_V1.svg-300x157.png 300w\" sizes=\"(max-width: 730px) 100vw, 730px\" \/><\/figure>\n\n\n\n<p style=\"font-size:30px\">Oltre al THC, il CBD \u00e8 il secondo cannabinoide ad aver dimostrato un effetto terapeutico negli studi clinici. A differenza del THC, il CBD non provoca un effetto psicoattivo e si lega con bassa affinit\u00e0 ai recettori endocannabinoidi del corpo umano. Il CBD \u00e8 in grado di modulare l'efficacia del partner di legame nei recettori dei cannabinoidi. Se assunto in combinazione con il THC, il CBD pu\u00f2 quindi contrastare l'effetto psicoattivo del THC.<br><br>\u00c8 stato dimostrato che il CBD ha anche propriet\u00e0 anticonvulsive e antinfiammatorie. Viene, quindi, utilizzato per trattare le forme refrattarie di epilessia.<\/p>\n<\/div><\/div>\n<\/div>\n\n\n\n<div class=\"wp-block-group animated fadeInUp is-layout-flow wp-block-group-is-layout-flow\">\n<p style=\"font-size:12px;font-style:normal;font-weight:600\">1. European Medicines Agency. Compilation of terms and definitions for Cannabis-derived medicinal products. vol. 31 (2021).<br><br>2. Veit, M. Quality Requirements for Medicinal Cannabis and Respective Products in the European Union \u2013 Status Quo. Planta Med. (2022) doi:10.1055\/a-1808-9708.<br><br>3. H\u00e4user, W. et al. European Pain Federation (EFIC) position paper on appropriate use of cannabis-based medicines and medical cannabis for chronic pain management. European Journal of Pain (United Kingdom) vol. 22 1547\u20131564 (2018).<br><br>4. National Academies of Sciences, Engineering, and Medicine. 2017. The Health Effects of Cannabis and Cannabinoids: The Current State of Evidence and Recommendations for Research. Washington, DC: The National Academies Press. https:\/\/doi.org\/10.17226\/24625.<\/p>\n<\/div>\n<\/div>\n<\/div>","protected":false},"excerpt":{"rendered":"<p>Als Spezialisten f\u00fcr pflanzliche Arzneimittel sind wir bestrebt, das therapeutische Potenzial dieser uralten Heilpflanze f\u00fcr Patient:innen auf der ganzen Welt nutzbar zu machen. Wir wollen schwerkranken Schmerzpatient:innen Linderung verschaffen. Daf\u00fcr entwickeln wir qualitativ hochwertige Cannabis-Extrakte. Es geht nicht darum, dem Leben mehr Tage zu geben, sondern den Tagen mehr Leben. Dame Cicely Saunders ENDOCaNNaBINOIDSYSTEM Das [&hellip;]<\/p>\n","protected":false},"author":1,"featured_media":0,"parent":0,"menu_order":0,"comment_status":"closed","ping_status":"closed","template":"","meta":{"inline_featured_image":false,"advgb_blocks_editor_width":"","advgb_blocks_columns_visual_guide":"","footnotes":""},"yoast_head":"<!-- This site is optimized with the Yoast SEO plugin v23.5 - https:\/\/yoast.com\/wordpress\/plugins\/seo\/ -->\n<title>Medizinisches Cannabis - Made in Germany<\/title>\n<meta name=\"description\" content=\"Als einer der f\u00fchrenden Hersteller von medizinischem Cannabis wollen wir Schmerzpatient:innen Linderung verschaffen.\" \/>\n<meta name=\"robots\" content=\"index, follow, max-snippet:-1, max-image-preview:large, max-video-preview:-1\" \/>\n<link rel=\"canonical\" href=\"https:\/\/avextra.com\/it\/medizinisches-cannabis\/\" \/>\n<meta property=\"og:locale\" content=\"it_IT\" \/>\n<meta property=\"og:type\" content=\"article\" \/>\n<meta property=\"og:title\" content=\"Medizinisches Cannabis - Made in Germany\" \/>\n<meta property=\"og:description\" content=\"Als einer der f\u00fchrenden Hersteller von medizinischem Cannabis wollen wir Schmerzpatient:innen Linderung verschaffen.\" \/>\n<meta property=\"og:url\" content=\"https:\/\/avextra.com\/it\/medizinisches-cannabis\/\" \/>\n<meta property=\"og:site_name\" content=\"Cannabisbasierte Arzneimittel von Avextra\" \/>\n<meta property=\"article:modified_time\" content=\"2025-04-24T09:15:46+00:00\" \/>\n<meta property=\"og:image\" content=\"https:\/\/avextra.com\/wp-content\/uploads\/2022\/09\/Gruppe-maskieren-130.jpg\" \/>\n<meta name=\"twitter:card\" content=\"summary_large_image\" \/>\n<meta name=\"twitter:label1\" content=\"Tempo di lettura stimato\" \/>\n\t<meta name=\"twitter:data1\" content=\"5 minuti\" \/>\n<script type=\"application\/ld+json\" class=\"yoast-schema-graph\">{\"@context\":\"https:\/\/schema.org\",\"@graph\":[{\"@type\":\"WebPage\",\"@id\":\"https:\/\/avextra.com\/medizinisches-cannabis\/\",\"url\":\"https:\/\/avextra.com\/medizinisches-cannabis\/\",\"name\":\"Medizinisches Cannabis - Made in Germany\",\"isPartOf\":{\"@id\":\"https:\/\/avextra.com\/#website\"},\"primaryImageOfPage\":{\"@id\":\"https:\/\/avextra.com\/medizinisches-cannabis\/#primaryimage\"},\"image\":{\"@id\":\"https:\/\/avextra.com\/medizinisches-cannabis\/#primaryimage\"},\"thumbnailUrl\":\"https:\/\/avextra.com\/wp-content\/uploads\/2022\/09\/Gruppe-maskieren-130.jpg\",\"datePublished\":\"2022-08-26T06:15:33+00:00\",\"dateModified\":\"2025-04-24T09:15:46+00:00\",\"description\":\"Als einer der f\u00fchrenden Hersteller von medizinischem Cannabis wollen wir Schmerzpatient:innen Linderung verschaffen.\",\"breadcrumb\":{\"@id\":\"https:\/\/avextra.com\/medizinisches-cannabis\/#breadcrumb\"},\"inLanguage\":\"it-IT\",\"potentialAction\":[{\"@type\":\"ReadAction\",\"target\":[\"https:\/\/avextra.com\/medizinisches-cannabis\/\"]}]},{\"@type\":\"ImageObject\",\"inLanguage\":\"it-IT\",\"@id\":\"https:\/\/avextra.com\/medizinisches-cannabis\/#primaryimage\",\"url\":\"https:\/\/avextra.com\/wp-content\/uploads\/2022\/09\/Gruppe-maskieren-130.jpg\",\"contentUrl\":\"https:\/\/avextra.com\/wp-content\/uploads\/2022\/09\/Gruppe-maskieren-130.jpg\"},{\"@type\":\"BreadcrumbList\",\"@id\":\"https:\/\/avextra.com\/medizinisches-cannabis\/#breadcrumb\",\"itemListElement\":[{\"@type\":\"ListItem\",\"position\":1,\"name\":\"Startseite\",\"item\":\"https:\/\/avextra.com\/\"},{\"@type\":\"ListItem\",\"position\":2,\"name\":\"Medizinisches Cannabis\"}]},{\"@type\":\"WebSite\",\"@id\":\"https:\/\/avextra.com\/#website\",\"url\":\"https:\/\/avextra.com\/\",\"name\":\"Cannabisbasierte Arzneimittel von Avextra\",\"description\":\"\",\"publisher\":{\"@id\":\"https:\/\/avextra.com\/#organization\"},\"potentialAction\":[{\"@type\":\"SearchAction\",\"target\":{\"@type\":\"EntryPoint\",\"urlTemplate\":\"https:\/\/avextra.com\/?s={search_term_string}\"},\"query-input\":{\"@type\":\"PropertyValueSpecification\",\"valueRequired\":true,\"valueName\":\"search_term_string\"}}],\"inLanguage\":\"it-IT\"},{\"@type\":\"Organization\",\"@id\":\"https:\/\/avextra.com\/#organization\",\"name\":\"Avextra Pharma GmbH\",\"url\":\"https:\/\/avextra.com\/\",\"logo\":{\"@type\":\"ImageObject\",\"inLanguage\":\"it-IT\",\"@id\":\"https:\/\/avextra.com\/#\/schema\/logo\/image\/\",\"url\":\"https:\/\/avextra.com\/wp-content\/uploads\/2022\/08\/AVX-Logo_Wortmarke-Balken_extrablue.svg\",\"contentUrl\":\"https:\/\/avextra.com\/wp-content\/uploads\/2022\/08\/AVX-Logo_Wortmarke-Balken_extrablue.svg\",\"caption\":\"Avextra Pharma GmbH\"},\"image\":{\"@id\":\"https:\/\/avextra.com\/#\/schema\/logo\/image\/\"},\"sameAs\":[\"https:\/\/www.linkedin.com\/company\/avextra-ag\/\",\"https:\/\/www.xing.com\/pages\/avextra\"]}]}<\/script>\n<!-- \/ Yoast SEO plugin. -->","yoast_head_json":{"title":"Medizinisches Cannabis - Made in Germany","description":"Als einer der f\u00fchrenden Hersteller von medizinischem Cannabis wollen wir Schmerzpatient:innen Linderung verschaffen.","robots":{"index":"index","follow":"follow","max-snippet":"max-snippet:-1","max-image-preview":"max-image-preview:large","max-video-preview":"max-video-preview:-1"},"canonical":"https:\/\/avextra.com\/it\/medizinisches-cannabis\/","og_locale":"it_IT","og_type":"article","og_title":"Medizinisches Cannabis - Made in Germany","og_description":"Als einer der f\u00fchrenden Hersteller von medizinischem Cannabis wollen wir Schmerzpatient:innen Linderung verschaffen.","og_url":"https:\/\/avextra.com\/it\/medizinisches-cannabis\/","og_site_name":"Cannabisbasierte Arzneimittel von Avextra","article_modified_time":"2025-04-24T09:15:46+00:00","og_image":[{"url":"https:\/\/avextra.com\/wp-content\/uploads\/2022\/09\/Gruppe-maskieren-130.jpg"}],"twitter_card":"summary_large_image","twitter_misc":{"Tempo di lettura stimato":"5 minuti"},"schema":{"@context":"https:\/\/schema.org","@graph":[{"@type":"WebPage","@id":"https:\/\/avextra.com\/medizinisches-cannabis\/","url":"https:\/\/avextra.com\/medizinisches-cannabis\/","name":"Medizinisches Cannabis - Made in Germany","isPartOf":{"@id":"https:\/\/avextra.com\/#website"},"primaryImageOfPage":{"@id":"https:\/\/avextra.com\/medizinisches-cannabis\/#primaryimage"},"image":{"@id":"https:\/\/avextra.com\/medizinisches-cannabis\/#primaryimage"},"thumbnailUrl":"https:\/\/avextra.com\/wp-content\/uploads\/2022\/09\/Gruppe-maskieren-130.jpg","datePublished":"2022-08-26T06:15:33+00:00","dateModified":"2025-04-24T09:15:46+00:00","description":"Als einer der f\u00fchrenden Hersteller von medizinischem Cannabis wollen wir Schmerzpatient:innen Linderung verschaffen.","breadcrumb":{"@id":"https:\/\/avextra.com\/medizinisches-cannabis\/#breadcrumb"},"inLanguage":"it-IT","potentialAction":[{"@type":"ReadAction","target":["https:\/\/avextra.com\/medizinisches-cannabis\/"]}]},{"@type":"ImageObject","inLanguage":"it-IT","@id":"https:\/\/avextra.com\/medizinisches-cannabis\/#primaryimage","url":"https:\/\/avextra.com\/wp-content\/uploads\/2022\/09\/Gruppe-maskieren-130.jpg","contentUrl":"https:\/\/avextra.com\/wp-content\/uploads\/2022\/09\/Gruppe-maskieren-130.jpg"},{"@type":"BreadcrumbList","@id":"https:\/\/avextra.com\/medizinisches-cannabis\/#breadcrumb","itemListElement":[{"@type":"ListItem","position":1,"name":"Startseite","item":"https:\/\/avextra.com\/"},{"@type":"ListItem","position":2,"name":"Medizinisches Cannabis"}]},{"@type":"WebSite","@id":"https:\/\/avextra.com\/#website","url":"https:\/\/avextra.com\/","name":"Cannabisbasierte Arzneimittel von Avextra","description":"","publisher":{"@id":"https:\/\/avextra.com\/#organization"},"potentialAction":[{"@type":"SearchAction","target":{"@type":"EntryPoint","urlTemplate":"https:\/\/avextra.com\/?s={search_term_string}"},"query-input":{"@type":"PropertyValueSpecification","valueRequired":true,"valueName":"search_term_string"}}],"inLanguage":"it-IT"},{"@type":"Organization","@id":"https:\/\/avextra.com\/#organization","name":"Avextra Pharma GmbH","url":"https:\/\/avextra.com\/","logo":{"@type":"ImageObject","inLanguage":"it-IT","@id":"https:\/\/avextra.com\/#\/schema\/logo\/image\/","url":"https:\/\/avextra.com\/wp-content\/uploads\/2022\/08\/AVX-Logo_Wortmarke-Balken_extrablue.svg","contentUrl":"https:\/\/avextra.com\/wp-content\/uploads\/2022\/08\/AVX-Logo_Wortmarke-Balken_extrablue.svg","caption":"Avextra Pharma GmbH"},"image":{"@id":"https:\/\/avextra.com\/#\/schema\/logo\/image\/"},"sameAs":["https:\/\/www.linkedin.com\/company\/avextra-ag\/","https:\/\/www.xing.com\/pages\/avextra"]}]}},"coauthors":[],"author_meta":{"author_link":"https:\/\/avextra.com\/it\/author\/mhorn\/","display_name":"MHorn"},"relative_dates":{"created":"Pubblicato 4 anni fa","modified":"Aggiornato 1 anno fa"},"absolute_dates":{"created":"Pubblicato il 26. Agosto 2022","modified":"Aggiornato il 24. Aprile 2025"},"absolute_dates_time":{"created":"Pubblicato il 26. Agosto 2022 8:15","modified":"Aggiornato il 24. Aprile 2025 11:15"},"featured_img_caption":"","featured_img":false,"series_order":"","_links":{"self":[{"href":"https:\/\/avextra.com\/it\/wp-json\/wp\/v2\/pages\/14"}],"collection":[{"href":"https:\/\/avextra.com\/it\/wp-json\/wp\/v2\/pages"}],"about":[{"href":"https:\/\/avextra.com\/it\/wp-json\/wp\/v2\/types\/page"}],"author":[{"embeddable":true,"href":"https:\/\/avextra.com\/it\/wp-json\/wp\/v2\/users\/1"}],"replies":[{"embeddable":true,"href":"https:\/\/avextra.com\/it\/wp-json\/wp\/v2\/comments?post=14"}],"version-history":[{"count":12,"href":"https:\/\/avextra.com\/it\/wp-json\/wp\/v2\/pages\/14\/revisions"}],"predecessor-version":[{"id":5086,"href":"https:\/\/avextra.com\/it\/wp-json\/wp\/v2\/pages\/14\/revisions\/5086"}],"wp:attachment":[{"href":"https:\/\/avextra.com\/it\/wp-json\/wp\/v2\/media?parent=14"}],"curies":[{"name":"wp","href":"https:\/\/api.w.org\/{rel}","templated":true}]}}