{"id":2630,"date":"2023-03-02T10:25:49","date_gmt":"2023-03-02T09:25:49","guid":{"rendered":"https:\/\/avextra.com\/?page_id=2630"},"modified":"2026-03-06T12:10:39","modified_gmt":"2026-03-06T11:10:39","slug":"investors","status":"publish","type":"page","link":"https:\/\/avextra.com\/it\/investors\/","title":{"rendered":"Investor Relations"},"content":{"rendered":"\n<div style=\"height:100px\" aria-hidden=\"true\" class=\"wp-block-spacer\"><\/div>\n\n\n\n<div class=\"wp-block-group py-4 py-lg-5 pb-5 mb-4 px-3 px-md-4 px-lg-5 is-layout-flow wp-block-group-is-layout-flow\" style=\"margin-bottom:var(--wp--preset--spacing--70)\">\n<h3 class=\"wp-block-heading akzent-cover-headline ms-auto ms-0 pt-4 animated fadeInUp\" style=\"font-size:30px;font-style:normal;font-weight:900\">STRaTEGIE<\/h3>\n\n\n\n<h1 class=\"wp-block-heading fs-100 has-primary-color has-text-color\" style=\"font-size:100px;font-style:italic;font-weight:100\">Zwei S\u00e4ulen f\u00fcr evidenzbasierte Therapien<\/h1>\n\n\n\n<p class=\"fs-40 has-primary-color has-text-color\" style=\"font-size:39px;font-style:italic;font-weight:300\">Avextra fokussiert sich auf zwei eng verzahnte Kompetenzbereiche: die Entwicklung innovativer, cannabisbasierter Rezeptur\u00adarznei\u00admittel und ein robustes klinisches Forschungsprogramm. So entsteht die Grundlage f\u00fcr eine sichere, wissenschaftlich fundierte Anwendung in der Praxis.<\/p>\n\n\n\n<div class=\"wp-block-columns is-layout-flex wp-container-core-columns-layout-1 wp-block-columns-is-layout-flex\" style=\"margin-top:var(--wp--preset--spacing--60);margin-bottom:var(--wp--preset--spacing--60)\">\n<div class=\"wp-block-column is-layout-flow wp-block-column-is-layout-flow\">\n<div class=\"wp-block-group is-layout-constrained wp-block-group-is-layout-constrained\">\n<p>Als vertikal integriertes Unternehmen kontrolliert Avextra die gesamte Wertsch\u00f6pfungskette: von der Pflanze \u00fcber die Extraktion bis hin zur klinischen Entwicklung und Markteinf\u00fchrung.<\/p>\n\n\n\n<p>Die 2-S\u00e4ulen-Strategie verfolgt ein klares Ziel: cannabisbasierte Therapien aus der Erfahrungsmedizin in die regulierte, evidenzbasierte Versorgung zu \u00fcberf\u00fchren.<\/p>\n<\/div>\n<\/div>\n\n\n\n<div class=\"wp-block-column is-layout-flow wp-block-column-is-layout-flow\">\n<div class=\"wp-block-group is-vertical is-layout-flex wp-container-core-group-layout-4 wp-block-group-is-layout-flex\" style=\"margin-top:var(--wp--preset--spacing--60);margin-bottom:var(--wp--preset--spacing--60)\">\n<div class=\"wp-block-group is-nowrap is-layout-flex wp-container-core-group-layout-2 wp-block-group-is-layout-flex\">\n<p class=\"has-primary-color has-text-color has-link-color wp-elements-a23a79a3d1d198a46dedc781bda244a0\" style=\"font-style:italic;font-weight:700;text-transform:uppercase\">Fokusindikationen:<\/p>\n\n\n\n<p>Schmerz, Neurologie, Palliativmedizin<\/p>\n<\/div>\n\n\n\n<div class=\"wp-block-group is-nowrap is-layout-flex wp-container-core-group-layout-3 wp-block-group-is-layout-flex\">\n<p class=\"has-primary-color has-text-color has-link-color wp-elements-5ec3a0d08efd402aaa7f591a77cd7c3e\" style=\"font-style:italic;font-weight:700;text-transform:uppercase\">Region:<\/p>\n\n\n\n<p>Europ\u00e4ische Kernm\u00e4rkte<\/p>\n<\/div>\n<\/div>\n<\/div>\n<\/div>\n\n\n\n<div class=\"wp-block-columns is-layout-flex wp-container-core-columns-layout-2 wp-block-columns-is-layout-flex\">\n<div class=\"wp-block-column is-layout-flow wp-block-column-is-layout-flow\">\n<div class=\"wp-block-group has-extrablue-25-background-color has-background is-layout-constrained wp-block-group-is-layout-constrained\" style=\"padding-top:var(--wp--preset--spacing--60);padding-right:var(--wp--preset--spacing--60);padding-bottom:var(--wp--preset--spacing--60);padding-left:var(--wp--preset--spacing--60)\">\n<h2 class=\"wp-block-heading\" style=\"font-size:40px;font-style:italic;font-weight:700\">Innovative Rezeptur\u00adarznei\u00admittel<\/h2>\n\n\n\n<p>Entwicklung standardisierter, cannabisbasierter Rezeptur\u00adarznei\u00admittel mit definiertem Cannabinoid- und Terpenprofil \u2013 auf pharmazeutischem Qualit\u00e4tsniveau und mit klarem Indikationsfokus.<\/p>\n\n\n\n<div class=\"wp-block-group is-layout-flex wp-container-core-group-layout-8 wp-block-group-is-layout-flex\">\n<div class=\"wp-block-group has-white-color has-primary-background-color has-text-color has-background has-link-color wp-elements-ef2b7b5728e2f7cec10636964cd20e25 is-layout-constrained wp-block-group-is-layout-constrained\" style=\"border-radius:50px;padding-top:var(--wp--preset--spacing--20);padding-right:var(--wp--preset--spacing--30);padding-bottom:var(--wp--preset--spacing--20);padding-left:var(--wp--preset--spacing--30)\">\n<p>Standardisierte Extrakte<\/p>\n<\/div>\n\n\n\n<div class=\"wp-block-group has-white-color has-primary-background-color has-text-color has-background has-link-color wp-elements-695f64bf37df986227ff20639ac2ce58 is-layout-constrained wp-block-group-is-layout-constrained\" style=\"border-radius:50px;padding-top:var(--wp--preset--spacing--20);padding-right:var(--wp--preset--spacing--30);padding-bottom:var(--wp--preset--spacing--20);padding-left:var(--wp--preset--spacing--30)\">\n<p>EU-GMP-Produktion<\/p>\n<\/div>\n\n\n\n<div class=\"wp-block-group has-white-color has-primary-background-color has-text-color has-background has-link-color wp-elements-724b5318b9e30c90aba40e8ec80b9246 is-layout-constrained wp-block-group-is-layout-constrained\" style=\"border-radius:50px;padding-top:var(--wp--preset--spacing--20);padding-right:var(--wp--preset--spacing--30);padding-bottom:var(--wp--preset--spacing--20);padding-left:var(--wp--preset--spacing--30)\">\n<p>Erstattungsf\u00e4hig<\/p>\n<\/div>\n<\/div>\n<\/div>\n<\/div>\n\n\n\n<div class=\"wp-block-column is-layout-flow wp-block-column-is-layout-flow\">\n<div class=\"wp-block-group has-extrablue-25-background-color has-background is-layout-constrained wp-block-group-is-layout-constrained\" style=\"padding-top:var(--wp--preset--spacing--60);padding-right:var(--wp--preset--spacing--60);padding-bottom:var(--wp--preset--spacing--60);padding-left:var(--wp--preset--spacing--60)\">\n<h2 class=\"wp-block-heading\" style=\"font-size:40px;font-style:italic;font-weight:700\">Klinische Studien<\/h2>\n\n\n\n<p>Planung und Durchf\u00fchrung randomisierter, kontrollierter Studien sowie Real-World-Projekte, um Wirksamkeit, Sicherheit und Alltagsnutzen der Pr\u00e4parate evidenzbasiert zu belegen.<\/p>\n\n\n\n<div class=\"wp-block-group is-layout-flex wp-container-core-group-layout-13 wp-block-group-is-layout-flex\" style=\"margin-bottom:var(--wp--preset--spacing--60)\">\n<div class=\"wp-block-group has-white-color has-primary-background-color has-text-color has-background has-link-color wp-elements-677c2bcff543703c24e439622f9eea68 is-layout-constrained wp-block-group-is-layout-constrained\" style=\"border-radius:50px;padding-top:var(--wp--preset--spacing--20);padding-right:var(--wp--preset--spacing--30);padding-bottom:var(--wp--preset--spacing--20);padding-left:var(--wp--preset--spacing--30)\">\n<p>Phase-II-Studien<\/p>\n<\/div>\n\n\n\n<div class=\"wp-block-group has-white-color has-primary-background-color has-text-color has-background has-link-color wp-elements-15bed71b740c83e3185049e80da8a93d is-layout-constrained wp-block-group-is-layout-constrained\" style=\"border-radius:50px;padding-top:var(--wp--preset--spacing--20);padding-right:var(--wp--preset--spacing--30);padding-bottom:var(--wp--preset--spacing--20);padding-left:var(--wp--preset--spacing--30)\">\n<p>Real-World-Daten<\/p>\n<\/div>\n\n\n\n<div class=\"wp-block-group has-white-color has-primary-background-color has-text-color has-background has-link-color wp-elements-41f8939658a1fe1e5e06b995fb5d55b2 is-layout-constrained wp-block-group-is-layout-constrained\" style=\"border-radius:50px;padding-top:var(--wp--preset--spacing--20);padding-right:var(--wp--preset--spacing--30);padding-bottom:var(--wp--preset--spacing--20);padding-left:var(--wp--preset--spacing--30)\">\n<p>Kooperationen mit Kliniken<a href=\"#studien\"><\/a><\/p>\n<\/div>\n<\/div>\n\n\n\n<p class=\"text-underline underline text-decoration-underline\" style=\"font-style:italic;font-weight:400\"><a href=\"https:\/\/avextra.com\/studien\/\"><strong>Zur Studien\u00fcbersicht<\/strong><\/a><\/p>\n<\/div>\n<\/div>\n<\/div>\n<\/div>\n\n\n\n<div id=\"kontaktformular\" class=\"wp-block-group px-3 px-md-4 px-lg-5 py-5 is-layout-flow wp-block-group-is-layout-flow\">\n<div class=\"wp-block-columns is-layout-flex wp-container-core-columns-layout-3 wp-block-columns-is-layout-flex\">\n<div class=\"wp-block-column is-layout-flow wp-block-column-is-layout-flow\" style=\"flex-basis:25%\">\n<div style=\"height:325px\" aria-hidden=\"true\" class=\"wp-block-spacer\"><\/div>\n\n\n\n<figure class=\"wp-block-image aligncenter size-large\"><img decoding=\"async\" width=\"179\" height=\"165\" src=\"https:\/\/avextra.com\/wp-content\/uploads\/2023\/03\/contact-icon.svg\" alt=\"\" class=\"wp-image-2698\"\/><\/figure>\n<\/div>\n\n\n\n<div class=\"wp-block-column is-layout-flow wp-block-column-is-layout-flow\" style=\"flex-basis:75%\">\n<p class=\"fs-50 has-primary-color has-text-color\" style=\"font-size:48px;font-style:italic;font-weight:300\">Wir sind stets daran interessiert, mit Menschen in Kontakt zu treten, die unsere Vision teilen. Wenn Sie Interesse an einer detaillierten Pr\u00e4sentation haben und erfahren m\u00f6chten, wie Sie zu unserem Erfolg beitragen k\u00f6nnen, kontaktieren Sie uns bitte noch heute.<\/p>\n\n\n\n<h3 class=\"wp-block-heading akzent-cover-headline me-0 ms-0 pt-4 animated fadeInUp has-secondary-color has-text-color\" style=\"font-size:30px;font-style:normal;font-weight:900\">KONTaKT:<\/h3>\n\n\n<div class=\"wpforms-container wpforms-container-full\" id=\"wpforms-2758\"><form id=\"wpforms-form-2758\" class=\"wpforms-validate wpforms-form wpforms-ajax-form\" data-formid=\"2758\" method=\"post\" enctype=\"multipart\/form-data\" action=\"\/it\/wp-json\/wp\/v2\/pages\/2630\" data-token=\"ab8a54cdee2b2bb67fb4ff2fe0db93b9\" data-token-time=\"1777624452\"><noscript class=\"wpforms-error-noscript\">Abilita JavaScript nel browser per completare questo modulo.<\/noscript><div class=\"wpforms-field-container\"><div id=\"wpforms-2758-field_1-container\" class=\"wpforms-field wpforms-field-name\" data-field-id=\"1\"><label class=\"wpforms-field-label wpforms-label-hide\" for=\"wpforms-2758-field_1\">Name <span class=\"wpforms-required-label\">*<\/span><\/label><div class=\"wpforms-field-row wpforms-field-large\"><div class=\"wpforms-field-row-block wpforms-first wpforms-one-half\"><input type=\"text\" id=\"wpforms-2758-field_1\" class=\"wpforms-field-name-first wpforms-field-required\" name=\"wpforms[fields][1][first]\" placeholder=\"First Name*\" required><label for=\"wpforms-2758-field_1\" class=\"wpforms-field-sublabel after wpforms-sublabel-hide\">Nome<\/label><\/div><div class=\"wpforms-field-row-block wpforms-one-half\"><input type=\"text\" id=\"wpforms-2758-field_1-last\" class=\"wpforms-field-name-last wpforms-field-required\" name=\"wpforms[fields][1][last]\" placeholder=\"Last Name*\" required><label for=\"wpforms-2758-field_1-last\" class=\"wpforms-field-sublabel after wpforms-sublabel-hide\">Cognome<\/label><\/div><\/div><\/div><div id=\"wpforms-2758-field_2-container\" class=\"wpforms-field wpforms-field-text\" data-field-id=\"2\"><label class=\"wpforms-field-label wpforms-label-hide\" for=\"wpforms-2758-field_2\">Company<\/label><input type=\"text\" id=\"wpforms-2758-field_2\" class=\"wpforms-field-large\" name=\"wpforms[fields][2]\" placeholder=\"Company*\" ><\/div><div id=\"wpforms-2758-field_6-container\" class=\"wpforms-field wpforms-field-email\" data-field-id=\"6\"><label class=\"wpforms-field-label wpforms-label-hide\" for=\"wpforms-2758-field_6\">E-Mail <span class=\"wpforms-required-label\">*<\/span><\/label><input type=\"email\" id=\"wpforms-2758-field_6\" class=\"wpforms-field-large wpforms-field-required\" name=\"wpforms[fields][6]\" placeholder=\"Email Address*\" spellcheck=\"false\" required><\/div><div id=\"wpforms-2758-field_10-container\" class=\"wpforms-field wpforms-field-select wpforms-field-select-style-classic\" data-field-id=\"10\"><label class=\"wpforms-field-label wpforms-label-hide\" for=\"wpforms-2758-field_10\">Dropdown<\/label><select id=\"wpforms-2758-field_10\" class=\"wpforms-field-large\" name=\"wpforms[fields][10]\"><option value=\"\" class=\"placeholder\" disabled  selected='selected'>Category<\/option><option value=\"Media or speaking engagement inquiry\"  class=\"choice-1 depth-1\"  >Media or speaking engagement inquiry<\/option><option value=\"Strategic partnership inquiry\"  class=\"choice-2 depth-1\"  >Strategic partnership inquiry<\/option><option value=\"Commercial partnership\"  class=\"choice-3 depth-1\"  >Commercial partnership<\/option><option value=\"Investment inquiry representing an institution\"  class=\"choice-4 depth-1\"  >Investment inquiry representing an institution<\/option><option value=\"Investment inquiry representing a private individual\"  class=\"choice-5 depth-1\"  >Investment inquiry representing a private individual<\/option><option value=\"other\"  class=\"choice-6 depth-1\"  >other<\/option><\/select><\/div><div id=\"wpforms-2758-field_4-container\" class=\"wpforms-field wpforms-field-textarea\" data-field-id=\"4\"><label class=\"wpforms-field-label wpforms-label-hide\" for=\"wpforms-2758-field_4\">Nachricht <span class=\"wpforms-required-label\">*<\/span><\/label><textarea id=\"wpforms-2758-field_4\" class=\"wpforms-field-medium wpforms-field-required\" name=\"wpforms[fields][4]\" placeholder=\"Message\" required><\/textarea><\/div><div id=\"wpforms-2758-field_5-container\" class=\"wpforms-field wpforms-field-checkbox\" data-field-id=\"5\"><label class=\"wpforms-field-label wpforms-label-hide\">Datenschutz <span class=\"wpforms-required-label\">*<\/span><\/label><ul id=\"wpforms-2758-field_5\" class=\"wpforms-field-required\"><li class=\"choice-1 depth-1\"><input type=\"checkbox\" id=\"wpforms-2758-field_5_1\" name=\"wpforms[fields][5][]\" value=\"Durch die Verwendung dieses Formulars stimmen Sie der Speicherung und Verarbeitung Ihrer Daten durch diese Webseite zu. Weitere Informationen zum Umgang mit Ihren Daten finden Sie in unserem Datenschutz\" required ><label class=\"wpforms-field-label-inline\" for=\"wpforms-2758-field_5_1\">Durch die Verwendung dieses Formulars stimmen Sie der Speicherung und Verarbeitung Ihrer Daten durch diese Webseite zu. Weitere Informationen zum Umgang mit Ihren Daten finden Sie in unserem Datenschutz<\/label><\/li><\/ul><\/div><\/div><!-- .wpforms-field-container --><div class=\"wpforms-recaptcha-container wpforms-is-recaptcha wpforms-is-recaptcha-type-v3\" ><input type=\"hidden\" name=\"wpforms[recaptcha]\" value=\"\"><\/div><div class=\"wpforms-submit-container\" ><input type=\"hidden\" name=\"wpforms[id]\" value=\"2758\"><input type=\"hidden\" name=\"page_title\" value=\"\"><input type=\"hidden\" name=\"page_url\" value=\"https:\/\/avextra.com\/it\/wp-json\/wp\/v2\/pages\/2630\"><input type=\"hidden\" name=\"url_referer\" value=\"\"><button type=\"submit\" name=\"wpforms[submit]\" id=\"wpforms-submit-2758\" class=\"wpforms-submit\" data-alt-text=\"Senden\u2026\" data-submit-text=\"Send Message\" aria-live=\"assertive\" value=\"wpforms-submit\">Send Message<\/button><img decoding=\"async\" src=\"https:\/\/avextra.com\/wp-content\/plugins\/wpforms\/assets\/images\/submit-spin.svg\" class=\"wpforms-submit-spinner\" style=\"display: none;\" width=\"26\" height=\"26\" alt=\"Caricamento\"><\/div><\/form><\/div>  <!-- .wpforms-container -->\n<\/div>\n<\/div>\n<\/div>\n\n\n\n<div class=\"wp-block-group is-layout-flow wp-block-group-is-layout-flow\">\n<div style=\"height:25px\" aria-hidden=\"true\" class=\"wp-block-spacer akzent-spacer right px-3 px-md-4 px-lg-5\"><\/div>\n<\/div>\n\n\n\n<div class=\"wp-block-group animated fadeInUp is-vertical is-content-justification-center is-layout-flex wp-container-core-group-layout-18 wp-block-group-is-layout-flex\">\n<div style=\"height:0px\" aria-hidden=\"true\" class=\"wp-block-spacer wp-container-content-1\"><\/div>\n\n\n\n<figure class=\"wp-block-image size-large is-resized mx-auto scroll-up pb-5\"><a href=\"#\"><img decoding=\"async\" width=\"32\" height=\"47\" src=\"https:\/\/avextra.com\/wp-content\/uploads\/2022\/08\/scroll-up.svg\" alt=\"\" class=\"wp-image-73\" style=\"width:45px\"\/><\/a><\/figure>\n<\/div>\n","protected":false},"excerpt":{"rendered":"<p>STRaTEGIE Zwei S\u00e4ulen f\u00fcr evidenzbasierte Therapien Avextra fokussiert sich auf zwei eng verzahnte Kompetenzbereiche: die Entwicklung innovativer, cannabisbasierter Rezeptur\u00adarznei\u00admittel und ein robustes klinisches Forschungsprogramm. So entsteht die Grundlage f\u00fcr eine sichere, wissenschaftlich fundierte Anwendung in der Praxis. Als vertikal integriertes Unternehmen kontrolliert Avextra die gesamte Wertsch\u00f6pfungskette: von der Pflanze \u00fcber die Extraktion bis hin zur [&hellip;]<\/p>\n","protected":false},"author":1,"featured_media":0,"parent":0,"menu_order":0,"comment_status":"closed","ping_status":"closed","template":"","meta":{"inline_featured_image":false,"advgb_blocks_editor_width":"","advgb_blocks_columns_visual_guide":"","footnotes":""},"yoast_head":"<!-- This site is optimized with the Yoast SEO plugin v23.5 - https:\/\/yoast.com\/wordpress\/plugins\/seo\/ -->\n<title>Investor Relations - Cannabisbasierte Arzneimittel von Avextra<\/title>\n<meta name=\"robots\" content=\"index, follow, max-snippet:-1, max-image-preview:large, max-video-preview:-1\" \/>\n<link rel=\"canonical\" href=\"https:\/\/avextra.com\/it\/investors\/\" \/>\n<meta property=\"og:locale\" content=\"it_IT\" \/>\n<meta property=\"og:type\" content=\"article\" \/>\n<meta property=\"og:title\" content=\"Investor Relations - Cannabisbasierte Arzneimittel von Avextra\" \/>\n<meta property=\"og:description\" content=\"STRaTEGIE Zwei S\u00e4ulen f\u00fcr evidenzbasierte Therapien Avextra fokussiert sich auf zwei eng verzahnte Kompetenzbereiche: die Entwicklung innovativer, cannabisbasierter Rezeptur\u00adarznei\u00admittel und ein robustes klinisches Forschungsprogramm. So entsteht die Grundlage f\u00fcr eine sichere, wissenschaftlich fundierte Anwendung in der Praxis. Als vertikal integriertes Unternehmen kontrolliert Avextra die gesamte Wertsch\u00f6pfungskette: von der Pflanze \u00fcber die Extraktion bis hin zur [&hellip;]\" \/>\n<meta property=\"og:url\" content=\"https:\/\/avextra.com\/it\/investors\/\" \/>\n<meta property=\"og:site_name\" content=\"Cannabisbasierte Arzneimittel von Avextra\" \/>\n<meta property=\"article:modified_time\" content=\"2026-03-06T11:10:39+00:00\" \/>\n<meta property=\"og:image\" content=\"https:\/\/avextra.com\/wp-content\/uploads\/2023\/03\/contact-icon.svg\" \/>\n<meta name=\"twitter:card\" content=\"summary_large_image\" \/>\n<meta name=\"twitter:label1\" content=\"Tempo di lettura stimato\" \/>\n\t<meta name=\"twitter:data1\" content=\"2 minuti\" \/>\n<script type=\"application\/ld+json\" class=\"yoast-schema-graph\">{\"@context\":\"https:\/\/schema.org\",\"@graph\":[{\"@type\":\"WebPage\",\"@id\":\"https:\/\/avextra.com\/investors\/\",\"url\":\"https:\/\/avextra.com\/investors\/\",\"name\":\"Investor Relations - Cannabisbasierte Arzneimittel von Avextra\",\"isPartOf\":{\"@id\":\"https:\/\/avextra.com\/#website\"},\"primaryImageOfPage\":{\"@id\":\"https:\/\/avextra.com\/investors\/#primaryimage\"},\"image\":{\"@id\":\"https:\/\/avextra.com\/investors\/#primaryimage\"},\"thumbnailUrl\":\"https:\/\/avextra.com\/wp-content\/uploads\/2023\/03\/contact-icon.svg\",\"datePublished\":\"2023-03-02T09:25:49+00:00\",\"dateModified\":\"2026-03-06T11:10:39+00:00\",\"breadcrumb\":{\"@id\":\"https:\/\/avextra.com\/investors\/#breadcrumb\"},\"inLanguage\":\"it-IT\",\"potentialAction\":[{\"@type\":\"ReadAction\",\"target\":[\"https:\/\/avextra.com\/investors\/\"]}]},{\"@type\":\"ImageObject\",\"inLanguage\":\"it-IT\",\"@id\":\"https:\/\/avextra.com\/investors\/#primaryimage\",\"url\":\"https:\/\/avextra.com\/wp-content\/uploads\/2023\/03\/contact-icon.svg\",\"contentUrl\":\"https:\/\/avextra.com\/wp-content\/uploads\/2023\/03\/contact-icon.svg\"},{\"@type\":\"BreadcrumbList\",\"@id\":\"https:\/\/avextra.com\/investors\/#breadcrumb\",\"itemListElement\":[{\"@type\":\"ListItem\",\"position\":1,\"name\":\"Startseite\",\"item\":\"https:\/\/avextra.com\/\"},{\"@type\":\"ListItem\",\"position\":2,\"name\":\"Investor Relations\"}]},{\"@type\":\"WebSite\",\"@id\":\"https:\/\/avextra.com\/#website\",\"url\":\"https:\/\/avextra.com\/\",\"name\":\"Cannabisbasierte Arzneimittel von Avextra\",\"description\":\"\",\"publisher\":{\"@id\":\"https:\/\/avextra.com\/#organization\"},\"potentialAction\":[{\"@type\":\"SearchAction\",\"target\":{\"@type\":\"EntryPoint\",\"urlTemplate\":\"https:\/\/avextra.com\/?s={search_term_string}\"},\"query-input\":{\"@type\":\"PropertyValueSpecification\",\"valueRequired\":true,\"valueName\":\"search_term_string\"}}],\"inLanguage\":\"it-IT\"},{\"@type\":\"Organization\",\"@id\":\"https:\/\/avextra.com\/#organization\",\"name\":\"Avextra Pharma GmbH\",\"url\":\"https:\/\/avextra.com\/\",\"logo\":{\"@type\":\"ImageObject\",\"inLanguage\":\"it-IT\",\"@id\":\"https:\/\/avextra.com\/#\/schema\/logo\/image\/\",\"url\":\"https:\/\/avextra.com\/wp-content\/uploads\/2022\/08\/AVX-Logo_Wortmarke-Balken_extrablue.svg\",\"contentUrl\":\"https:\/\/avextra.com\/wp-content\/uploads\/2022\/08\/AVX-Logo_Wortmarke-Balken_extrablue.svg\",\"caption\":\"Avextra Pharma GmbH\"},\"image\":{\"@id\":\"https:\/\/avextra.com\/#\/schema\/logo\/image\/\"},\"sameAs\":[\"https:\/\/www.linkedin.com\/company\/avextra-ag\/\",\"https:\/\/www.xing.com\/pages\/avextra\"]}]}<\/script>\n<!-- \/ Yoast SEO plugin. -->","yoast_head_json":{"title":"Investor Relations - Cannabisbasierte Arzneimittel von Avextra","robots":{"index":"index","follow":"follow","max-snippet":"max-snippet:-1","max-image-preview":"max-image-preview:large","max-video-preview":"max-video-preview:-1"},"canonical":"https:\/\/avextra.com\/it\/investors\/","og_locale":"it_IT","og_type":"article","og_title":"Investor Relations - Cannabisbasierte Arzneimittel von Avextra","og_description":"STRaTEGIE Zwei S\u00e4ulen f\u00fcr evidenzbasierte Therapien Avextra fokussiert sich auf zwei eng verzahnte Kompetenzbereiche: die Entwicklung innovativer, cannabisbasierter Rezeptur\u00adarznei\u00admittel und ein robustes klinisches Forschungsprogramm. So entsteht die Grundlage f\u00fcr eine sichere, wissenschaftlich fundierte Anwendung in der Praxis. Als vertikal integriertes Unternehmen kontrolliert Avextra die gesamte Wertsch\u00f6pfungskette: von der Pflanze \u00fcber die Extraktion bis hin zur [&hellip;]","og_url":"https:\/\/avextra.com\/it\/investors\/","og_site_name":"Cannabisbasierte Arzneimittel von Avextra","article_modified_time":"2026-03-06T11:10:39+00:00","og_image":[{"url":"https:\/\/avextra.com\/wp-content\/uploads\/2023\/03\/contact-icon.svg"}],"twitter_card":"summary_large_image","twitter_misc":{"Tempo di lettura stimato":"2 minuti"},"schema":{"@context":"https:\/\/schema.org","@graph":[{"@type":"WebPage","@id":"https:\/\/avextra.com\/investors\/","url":"https:\/\/avextra.com\/investors\/","name":"Investor Relations - Cannabisbasierte Arzneimittel von Avextra","isPartOf":{"@id":"https:\/\/avextra.com\/#website"},"primaryImageOfPage":{"@id":"https:\/\/avextra.com\/investors\/#primaryimage"},"image":{"@id":"https:\/\/avextra.com\/investors\/#primaryimage"},"thumbnailUrl":"https:\/\/avextra.com\/wp-content\/uploads\/2023\/03\/contact-icon.svg","datePublished":"2023-03-02T09:25:49+00:00","dateModified":"2026-03-06T11:10:39+00:00","breadcrumb":{"@id":"https:\/\/avextra.com\/investors\/#breadcrumb"},"inLanguage":"it-IT","potentialAction":[{"@type":"ReadAction","target":["https:\/\/avextra.com\/investors\/"]}]},{"@type":"ImageObject","inLanguage":"it-IT","@id":"https:\/\/avextra.com\/investors\/#primaryimage","url":"https:\/\/avextra.com\/wp-content\/uploads\/2023\/03\/contact-icon.svg","contentUrl":"https:\/\/avextra.com\/wp-content\/uploads\/2023\/03\/contact-icon.svg"},{"@type":"BreadcrumbList","@id":"https:\/\/avextra.com\/investors\/#breadcrumb","itemListElement":[{"@type":"ListItem","position":1,"name":"Startseite","item":"https:\/\/avextra.com\/"},{"@type":"ListItem","position":2,"name":"Investor Relations"}]},{"@type":"WebSite","@id":"https:\/\/avextra.com\/#website","url":"https:\/\/avextra.com\/","name":"Cannabisbasierte Arzneimittel von Avextra","description":"","publisher":{"@id":"https:\/\/avextra.com\/#organization"},"potentialAction":[{"@type":"SearchAction","target":{"@type":"EntryPoint","urlTemplate":"https:\/\/avextra.com\/?s={search_term_string}"},"query-input":{"@type":"PropertyValueSpecification","valueRequired":true,"valueName":"search_term_string"}}],"inLanguage":"it-IT"},{"@type":"Organization","@id":"https:\/\/avextra.com\/#organization","name":"Avextra Pharma GmbH","url":"https:\/\/avextra.com\/","logo":{"@type":"ImageObject","inLanguage":"it-IT","@id":"https:\/\/avextra.com\/#\/schema\/logo\/image\/","url":"https:\/\/avextra.com\/wp-content\/uploads\/2022\/08\/AVX-Logo_Wortmarke-Balken_extrablue.svg","contentUrl":"https:\/\/avextra.com\/wp-content\/uploads\/2022\/08\/AVX-Logo_Wortmarke-Balken_extrablue.svg","caption":"Avextra Pharma GmbH"},"image":{"@id":"https:\/\/avextra.com\/#\/schema\/logo\/image\/"},"sameAs":["https:\/\/www.linkedin.com\/company\/avextra-ag\/","https:\/\/www.xing.com\/pages\/avextra"]}]}},"coauthors":[],"author_meta":{"author_link":"https:\/\/avextra.com\/it\/author\/mhorn\/","display_name":"MHorn"},"relative_dates":{"created":"Pubblicato 3 anni fa","modified":"Aggiornato 2 mesi fa"},"absolute_dates":{"created":"Pubblicato il 2. Marzo 2023","modified":"Aggiornato il 6. Marzo 2026"},"absolute_dates_time":{"created":"Pubblicato il 2. Marzo 2023 10:25","modified":"Aggiornato il 6. Marzo 2026 12:10"},"featured_img_caption":"","featured_img":false,"series_order":"","_links":{"self":[{"href":"https:\/\/avextra.com\/it\/wp-json\/wp\/v2\/pages\/2630"}],"collection":[{"href":"https:\/\/avextra.com\/it\/wp-json\/wp\/v2\/pages"}],"about":[{"href":"https:\/\/avextra.com\/it\/wp-json\/wp\/v2\/types\/page"}],"author":[{"embeddable":true,"href":"https:\/\/avextra.com\/it\/wp-json\/wp\/v2\/users\/1"}],"replies":[{"embeddable":true,"href":"https:\/\/avextra.com\/it\/wp-json\/wp\/v2\/comments?post=2630"}],"version-history":[{"count":99,"href":"https:\/\/avextra.com\/it\/wp-json\/wp\/v2\/pages\/2630\/revisions"}],"predecessor-version":[{"id":5182,"href":"https:\/\/avextra.com\/it\/wp-json\/wp\/v2\/pages\/2630\/revisions\/5182"}],"wp:attachment":[{"href":"https:\/\/avextra.com\/it\/wp-json\/wp\/v2\/media?parent=2630"}],"curies":[{"name":"wp","href":"https:\/\/api.w.org\/{rel}","templated":true}]}}