{"id":423,"date":"2022-09-02T11:19:05","date_gmt":"2022-09-02T09:19:05","guid":{"rendered":"https:\/\/avextra.com\/?page_id=423"},"modified":"2024-08-01T14:02:34","modified_gmt":"2024-08-01T12:02:34","slug":"impressum","status":"publish","type":"page","link":"https:\/\/avextra.com\/it\/impressum\/","title":{"rendered":"dettagli legali"},"content":{"rendered":"<div style=\"height:250px\" aria-hidden=\"true\" class=\"wp-block-spacer intro-spacer\"><\/div>\n\n\n\n<div class=\"wp-block-group pb-5 mb-4 is-layout-flow wp-block-group-is-layout-flow\">\n<p class=\"px-3 px-md-4 px-lg-5 fs-100 has-primary-color has-text-color\" style=\"font-size:100px;font-style:italic;font-weight:300;line-height:1.1\">dettagli legali<\/p>\n\n\n\n<div style=\"height:100px\" aria-hidden=\"true\" class=\"wp-block-spacer\"><\/div>\n\n\n\n<div class=\"wp-block-group px-3 px-md-4 px-lg-5 has-secondary-color has-text-color is-layout-flow wp-block-group-is-layout-flow\">\n<p><strong>Avextra Pharma GmbH<\/strong><br>Kurf\u00fcrstendamm 195<br>10707 Berlino, Germania<\/p>\n\n\n\n<p>E-mail:&nbsp;<a href=\"mailto:info@avextra.com\">info@avextra.com<\/a><\/p>\n\n\n\n<p><strong>Direzione:<br><\/strong>Dr. Bernhard Babel<\/p>\n\n\n\n<p><strong>Responsabile dei contenuti:<br><\/strong>Dr. Bernhard Babel<\/p>\n\n\n\n<p><strong>Responsabile ai sensi del \u00a7 55 Abs. 2 RStV:<br><\/strong>Avextra Pharma fa parte di Avextra AG.<\/p>\n\n\n\n<p><strong>Camera di commercio:<br><\/strong>Tribunale regionale di Charlottenburg (Berlino) HRB 206220 B, Kurf\u00fcrstendamm 195, 10707 Berlino, Germania<br><strong><br>Partita IVA<br><\/strong>DE 326869835<\/p>\n\n\n\n<p>Autorit\u00e0 di vigilanza per la vendita all'ingrosso di prodotti farmaceutici ai sensi dei \u00a752a e \u00a772 AMG:&nbsp;<a href=\"https:\/\/www.berlin.de\/lageso\/gesundheit\/pharmaziewesen-und-medizinprodukte\/arzneimittelwesen\/\" target=\"_blank\" rel=\"noreferrer noopener\">LAGeSo Berlin<\/a><br>Autorit\u00e0 di vigilanza sul commercio di stupefacenti ai sensi del \u00a73 BtMG:&nbsp;<a href=\"https:\/\/www.bfarm.de\/DE\/Bundesopiumstelle\/_node.html\" target=\"_blank\" rel=\"noreferrer noopener\">Istituto federale per le droghe e i dispositivi medici - Agenzia federale per l'oppio<\/a><\/p>\n\n\n\n<h3 class=\"wp-block-heading\">DISCLAIMER<\/h3>\n\n\n\n<p><strong>Responsabilit\u00e0 per i contenuti<\/strong><\/p>\n\n\n\n<p>Als Diensteanbieter sind wir gem\u00e4\u00df \u00a7 7 Abs.1 DDG f\u00fcr eigene Inhalte auf diesen Seiten nach den allgemeinen Gesetzen verantwortlich. Nach \u00a7\u00a7 8 bis 10 DDG sind wir als Diensteanbieter jedoch nicht verpflichtet, \u00fcbermittelte oder gespeicherte fremde Informationen zu \u00fcberwachen oder nach Umst\u00e4nden zu forschen, die auf eine rechtswidrige T\u00e4tigkeit hinweisen. Verpflichtungen zur Entfernung oder Sperrung der Nutzung von Informationen nach den allgemeinen Gesetzen bleiben hiervon unber\u00fchrt. Eine diesbez\u00fcgliche Haftung ist jedoch erst ab dem Zeitpunkt der Kenntnis einer konkreten Rechtsverletzung m\u00f6glich. Bei Bekanntwerden von entsprechenden Rechtsverletzungen werden wir diese Inhalte umgehend entfernen.<\/p>\n\n\n\n<p><strong>Responsabilit\u00e0 per i link<\/strong><\/p>\n\n\n\n<p>Il nostro sito web contiene link a siti esterni di terzi sui cui contenuti non abbiamo alcuna influenza. Pertanto, non ci assumiamo alcuna responsabilit\u00e0 per questi contenuti di terzi. Il rispettivo fornitore o gestore delle pagine \u00e8 sempre responsabile del contenuto delle pagine collegate. Le pagine collegate sono state controllate per verificare la presenza di eventuali violazioni legali al momento del collegamento. Al momento del collegamento non sono stati individuati contenuti illegali. Tuttavia, un controllo permanente del contenuto delle pagine collegate non \u00e8 ragionevole senza prove concrete di una violazione. Nel caso in cui venissimo a conoscenza di violazioni di legge, provvederemo a rimuovere immediatamente tali link.<\/p>\n\n\n\n<p><strong>Copyright<\/strong><\/p>\n\n\n\n<p>I contenuti e le opere create dagli operatori del sito su queste pagine sono soggetti alla legge tedesca sul diritto d'autore. La duplicazione, l'elaborazione, la distribuzione e qualsiasi tipo di utilizzo al di fuori dei limiti della legge sul copyright richiedono il consenso scritto del rispettivo autore o creatore. Download e copie di questo sito sono consentiti solo per uso privato e non commerciale. Nella misura in cui i contenuti di questo sito non siano stati creati dall'operatore, vengono rispettati i diritti d'autore di terzi. In particolare, i contenuti di terzi sono contrassegnati come tali. Se tuttavia doveste venire a conoscenza di una violazione del copyright, siete pregati di informarci. Qualora venissimo a conoscenza di violazioni, provvederemo a rimuovere immediatamente tali contenuti.<\/p>\n\n\n\n<div style=\"height:100px\" aria-hidden=\"true\" class=\"wp-block-spacer\"><\/div>\n\n\n\n<h3 class=\"wp-block-heading\">Riferimenti fotografici<\/h3>\n\n\n\n<p><strong>Pittogrammi<\/strong><\/p>\n\n\n\n<p>Da modelli di <strong><a href=\"https:\/\/www.flaticon.com\" target=\"_blank\" rel=\"noreferrer noopener\">flaticon.com<\/a><\/strong>: Freepik, \u2026<\/p>\n\n\n\n<p><strong>Immagini fotografiche<\/strong><\/p>\n\n\n\n<p>Torsten Meyer-Bautor \u2013 <a href=\"https:\/\/txbpct.myportfolio.com\" target=\"_blank\" rel=\"noreferrer noopener\">txb.pct<\/a><\/p>\n\n\n\n<p><a href=\"https:\/\/www.isildohnke.com\" target=\"_blank\" rel=\"noreferrer noopener\">Isil Dohnke Fotografia<\/a><\/p>\n\n\n\n<p><a href=\"https:\/\/www.shutterstock.com\/de\/\" target=\"_blank\" rel=\"noreferrer noopener\">Shutterstock<\/a><\/p>\n\n\n\n<div style=\"height:100px\" aria-hidden=\"true\" class=\"wp-block-spacer\"><\/div>\n\n\n\n<p><strong>Programmazione e supporto tecnico:<br><\/strong><a href=\"https:\/\/studio-horn.de\">STUDIOHORN<\/a><\/p>\n<\/div>\n<\/div>","protected":false},"excerpt":{"rendered":"<p>Impressum Avextra Pharma GmbHKurf\u00fcrstendamm 19510707 Berlin, Germany E-mail:&nbsp;info@avextra.com Management:Dr. Bernhard Babel F\u00fcr Inhalte verantwortlich:Dr. Bernhard Babel Verantwortlich i.S.d. \u00a7 55 Abs. 2 RStV:Avextra Pharma ist Teil der Avextra AG. Registergericht:Amtsgericht Charlottenburg (Berlin) HRB 206220 B, Kurf\u00fcrstendamm 195, 10707 Berlin, GermanyUmsatzsteuer-ID:DE 326869835 Aufsichtsbeh\u00f6rde pharmazeutischer Gro\u00dfhandel im Sinne von \u00a752a und \u00a772 AMG:&nbsp;LAGeSo BerlinAufsichtsbeh\u00f6rde f\u00fcr den Handel [&hellip;]<\/p>\n","protected":false},"author":1,"featured_media":0,"parent":0,"menu_order":0,"comment_status":"closed","ping_status":"closed","template":"","meta":{"inline_featured_image":false,"advgb_blocks_editor_width":"","advgb_blocks_columns_visual_guide":"","footnotes":""},"yoast_head":"<!-- This site is optimized with the Yoast SEO plugin v23.5 - https:\/\/yoast.com\/wordpress\/plugins\/seo\/ -->\n<title>Impressum - Avextra Pharma GmbH<\/title>\n<meta name=\"description\" content=\"Im Impressum die Adresse und vertretungsberechtigten Gesch\u00e4ftsf\u00fchrer der Avextra Pharma GmbH \u00bb E-mail: info@avextra.com\" \/>\n<meta name=\"robots\" content=\"index, follow, max-snippet:-1, max-image-preview:large, max-video-preview:-1\" \/>\n<link rel=\"canonical\" href=\"https:\/\/avextra.com\/it\/impressum\/\" \/>\n<meta property=\"og:locale\" content=\"it_IT\" \/>\n<meta property=\"og:type\" content=\"article\" \/>\n<meta property=\"og:title\" content=\"Impressum - Avextra Pharma GmbH\" \/>\n<meta property=\"og:description\" content=\"Im Impressum die Adresse und vertretungsberechtigten Gesch\u00e4ftsf\u00fchrer der Avextra Pharma GmbH \u00bb E-mail: info@avextra.com\" \/>\n<meta property=\"og:url\" content=\"https:\/\/avextra.com\/it\/impressum\/\" \/>\n<meta property=\"og:site_name\" content=\"Cannabisbasierte Arzneimittel von Avextra\" \/>\n<meta property=\"article:modified_time\" content=\"2024-08-01T12:02:34+00:00\" \/>\n<meta name=\"twitter:card\" content=\"summary_large_image\" \/>\n<meta name=\"twitter:label1\" content=\"Tempo di lettura stimato\" \/>\n\t<meta name=\"twitter:data1\" content=\"3 minuti\" \/>\n<script type=\"application\/ld+json\" class=\"yoast-schema-graph\">{\"@context\":\"https:\/\/schema.org\",\"@graph\":[{\"@type\":\"WebPage\",\"@id\":\"https:\/\/avextra.com\/impressum\/\",\"url\":\"https:\/\/avextra.com\/impressum\/\",\"name\":\"Impressum - Avextra Pharma GmbH\",\"isPartOf\":{\"@id\":\"https:\/\/avextra.com\/#website\"},\"datePublished\":\"2022-09-02T09:19:05+00:00\",\"dateModified\":\"2024-08-01T12:02:34+00:00\",\"description\":\"Im Impressum die Adresse und vertretungsberechtigten Gesch\u00e4ftsf\u00fchrer der Avextra Pharma GmbH \u00bb E-mail: info@avextra.com\",\"breadcrumb\":{\"@id\":\"https:\/\/avextra.com\/impressum\/#breadcrumb\"},\"inLanguage\":\"it-IT\",\"potentialAction\":[{\"@type\":\"ReadAction\",\"target\":[\"https:\/\/avextra.com\/impressum\/\"]}]},{\"@type\":\"BreadcrumbList\",\"@id\":\"https:\/\/avextra.com\/impressum\/#breadcrumb\",\"itemListElement\":[{\"@type\":\"ListItem\",\"position\":1,\"name\":\"Startseite\",\"item\":\"https:\/\/avextra.com\/\"},{\"@type\":\"ListItem\",\"position\":2,\"name\":\"Impressum\"}]},{\"@type\":\"WebSite\",\"@id\":\"https:\/\/avextra.com\/#website\",\"url\":\"https:\/\/avextra.com\/\",\"name\":\"Cannabisbasierte Arzneimittel von Avextra\",\"description\":\"\",\"publisher\":{\"@id\":\"https:\/\/avextra.com\/#organization\"},\"potentialAction\":[{\"@type\":\"SearchAction\",\"target\":{\"@type\":\"EntryPoint\",\"urlTemplate\":\"https:\/\/avextra.com\/?s={search_term_string}\"},\"query-input\":{\"@type\":\"PropertyValueSpecification\",\"valueRequired\":true,\"valueName\":\"search_term_string\"}}],\"inLanguage\":\"it-IT\"},{\"@type\":\"Organization\",\"@id\":\"https:\/\/avextra.com\/#organization\",\"name\":\"Avextra Pharma GmbH\",\"url\":\"https:\/\/avextra.com\/\",\"logo\":{\"@type\":\"ImageObject\",\"inLanguage\":\"it-IT\",\"@id\":\"https:\/\/avextra.com\/#\/schema\/logo\/image\/\",\"url\":\"https:\/\/avextra.com\/wp-content\/uploads\/2022\/08\/AVX-Logo_Wortmarke-Balken_extrablue.svg\",\"contentUrl\":\"https:\/\/avextra.com\/wp-content\/uploads\/2022\/08\/AVX-Logo_Wortmarke-Balken_extrablue.svg\",\"caption\":\"Avextra Pharma GmbH\"},\"image\":{\"@id\":\"https:\/\/avextra.com\/#\/schema\/logo\/image\/\"},\"sameAs\":[\"https:\/\/www.linkedin.com\/company\/avextra-ag\/\",\"https:\/\/www.xing.com\/pages\/avextra\"]}]}<\/script>\n<!-- \/ Yoast SEO plugin. -->","yoast_head_json":{"title":"Impressum - Avextra Pharma GmbH","description":"Im Impressum die Adresse und vertretungsberechtigten Gesch\u00e4ftsf\u00fchrer der Avextra Pharma GmbH \u00bb E-mail: info@avextra.com","robots":{"index":"index","follow":"follow","max-snippet":"max-snippet:-1","max-image-preview":"max-image-preview:large","max-video-preview":"max-video-preview:-1"},"canonical":"https:\/\/avextra.com\/it\/impressum\/","og_locale":"it_IT","og_type":"article","og_title":"Impressum - Avextra Pharma GmbH","og_description":"Im Impressum die Adresse und vertretungsberechtigten Gesch\u00e4ftsf\u00fchrer der Avextra Pharma GmbH \u00bb E-mail: info@avextra.com","og_url":"https:\/\/avextra.com\/it\/impressum\/","og_site_name":"Cannabisbasierte Arzneimittel von Avextra","article_modified_time":"2024-08-01T12:02:34+00:00","twitter_card":"summary_large_image","twitter_misc":{"Tempo di lettura stimato":"3 minuti"},"schema":{"@context":"https:\/\/schema.org","@graph":[{"@type":"WebPage","@id":"https:\/\/avextra.com\/impressum\/","url":"https:\/\/avextra.com\/impressum\/","name":"Impressum - Avextra Pharma GmbH","isPartOf":{"@id":"https:\/\/avextra.com\/#website"},"datePublished":"2022-09-02T09:19:05+00:00","dateModified":"2024-08-01T12:02:34+00:00","description":"Im Impressum die Adresse und vertretungsberechtigten Gesch\u00e4ftsf\u00fchrer der Avextra Pharma GmbH \u00bb E-mail: info@avextra.com","breadcrumb":{"@id":"https:\/\/avextra.com\/impressum\/#breadcrumb"},"inLanguage":"it-IT","potentialAction":[{"@type":"ReadAction","target":["https:\/\/avextra.com\/impressum\/"]}]},{"@type":"BreadcrumbList","@id":"https:\/\/avextra.com\/impressum\/#breadcrumb","itemListElement":[{"@type":"ListItem","position":1,"name":"Startseite","item":"https:\/\/avextra.com\/"},{"@type":"ListItem","position":2,"name":"Impressum"}]},{"@type":"WebSite","@id":"https:\/\/avextra.com\/#website","url":"https:\/\/avextra.com\/","name":"Cannabisbasierte Arzneimittel von Avextra","description":"","publisher":{"@id":"https:\/\/avextra.com\/#organization"},"potentialAction":[{"@type":"SearchAction","target":{"@type":"EntryPoint","urlTemplate":"https:\/\/avextra.com\/?s={search_term_string}"},"query-input":{"@type":"PropertyValueSpecification","valueRequired":true,"valueName":"search_term_string"}}],"inLanguage":"it-IT"},{"@type":"Organization","@id":"https:\/\/avextra.com\/#organization","name":"Avextra Pharma GmbH","url":"https:\/\/avextra.com\/","logo":{"@type":"ImageObject","inLanguage":"it-IT","@id":"https:\/\/avextra.com\/#\/schema\/logo\/image\/","url":"https:\/\/avextra.com\/wp-content\/uploads\/2022\/08\/AVX-Logo_Wortmarke-Balken_extrablue.svg","contentUrl":"https:\/\/avextra.com\/wp-content\/uploads\/2022\/08\/AVX-Logo_Wortmarke-Balken_extrablue.svg","caption":"Avextra Pharma GmbH"},"image":{"@id":"https:\/\/avextra.com\/#\/schema\/logo\/image\/"},"sameAs":["https:\/\/www.linkedin.com\/company\/avextra-ag\/","https:\/\/www.xing.com\/pages\/avextra"]}]}},"coauthors":[],"author_meta":{"author_link":"https:\/\/avextra.com\/it\/author\/mhorn\/","display_name":"MHorn"},"relative_dates":{"created":"Pubblicato 4 anni fa","modified":"Aggiornato 2 anni fa"},"absolute_dates":{"created":"Pubblicato il 2. Settembre 2022","modified":"Aggiornato il 1. Agosto 2024"},"absolute_dates_time":{"created":"Pubblicato il 2. Settembre 2022 11:19","modified":"Aggiornato il 1. Agosto 2024 14:02"},"featured_img_caption":"","featured_img":false,"series_order":"","_links":{"self":[{"href":"https:\/\/avextra.com\/it\/wp-json\/wp\/v2\/pages\/423"}],"collection":[{"href":"https:\/\/avextra.com\/it\/wp-json\/wp\/v2\/pages"}],"about":[{"href":"https:\/\/avextra.com\/it\/wp-json\/wp\/v2\/types\/page"}],"author":[{"embeddable":true,"href":"https:\/\/avextra.com\/it\/wp-json\/wp\/v2\/users\/1"}],"replies":[{"embeddable":true,"href":"https:\/\/avextra.com\/it\/wp-json\/wp\/v2\/comments?post=423"}],"version-history":[{"count":6,"href":"https:\/\/avextra.com\/it\/wp-json\/wp\/v2\/pages\/423\/revisions"}],"predecessor-version":[{"id":4709,"href":"https:\/\/avextra.com\/it\/wp-json\/wp\/v2\/pages\/423\/revisions\/4709"}],"wp:attachment":[{"href":"https:\/\/avextra.com\/it\/wp-json\/wp\/v2\/media?parent=423"}],"curies":[{"name":"wp","href":"https:\/\/api.w.org\/{rel}","templated":true}]}}