{"id":430,"date":"2022-09-02T11:22:29","date_gmt":"2022-09-02T09:22:29","guid":{"rendered":"https:\/\/avextra.com\/?page_id=430"},"modified":"2025-08-27T13:08:53","modified_gmt":"2025-08-27T11:08:53","slug":"kontakt","status":"publish","type":"page","link":"https:\/\/avextra.com\/it\/kontakt\/","title":{"rendered":"Contatti"},"content":{"rendered":"\n<div style=\"height:150px\" aria-hidden=\"true\" class=\"wp-block-spacer\"><\/div>\n\n\n\n<div class=\"wp-block-group breadcrumb px-3 px-md-4 is-layout-flow wp-block-group-is-layout-flow\"><span><span><a href=\"https:\/\/avextra.com\/\">Startseite<\/a><\/span><\/span>\n<\/div>\n\n\n\n<div class=\"wp-block-group py-4 py-lg-5 px-3 px-md-4 px-lg-5 is-layout-flow wp-block-group-is-layout-flow\">\n<div class=\"wp-block-columns is-layout-flex wp-container-core-columns-layout-1 wp-block-columns-is-layout-flex\">\n<div class=\"wp-block-column is-layout-flow wp-block-column-is-layout-flow\">\n<div class=\"wp-block-group fachbereich-navigation position-relative has-primary-color has-text-color is-layout-flow wp-block-group-is-layout-flow\">\n<p><a href=\"#kontaktformular\">Kontaktformular<\/a><\/p>\n\n\n\n<p><a href=\"#kontaktformular\">Ansprechpartner<\/a><\/p>\n\n\n\n<p><a href=\"#adressen\">Adressen<\/a><\/p>\n<\/div>\n<\/div>\n\n\n\n<div class=\"wp-block-column ps-md-4 pt-md-5 is-layout-flow wp-block-column-is-layout-flow\" style=\"flex-basis:75%\">\n<h1 class=\"wp-block-heading has-primary-color has-text-color has-link-color wp-elements-6758d1934c4cbebd1e7e28a588b8f771\" style=\"font-style:italic;font-weight:300\">Kontakt<\/h1>\n\n\n\n<p class=\"fs-40 has-primary-color has-text-color\" style=\"font-size:40px;font-style:italic;font-weight:300\">Gemeinsam mehr erreichen: Erfahrungen teilen und die Zukunft gestalten. Gerne zusammen mit Ihnen!<\/p>\n\n\n\n<p class=\"fs-25 has-link-color wp-elements-b2fe03c376a08a93f930ee2338147b3f\" style=\"font-size:25px;font-style:normal;font-weight:500\">F\u00fcr Ihr pers\u00f6nliches Angebot wenden Sie sich bitte unter folgender Telefonnummer an unseren Kundenservice: <a href=\"tel:+4962518265280\"><mark style=\"background-color:rgba(0, 0, 0, 0)\" class=\"has-inline-color has-extrablue-75-color\">+49 (0)6251 8265-280<\/mark><\/a><br>    <\/p>\n\n\n\n<p><\/p>\n\n\n\n<p class=\"fs-40 has-primary-color has-text-color\" style=\"font-size:40px;font-style:italic;font-weight:300\">Wichtiger Hinweis:<\/p>\n\n\n\n<p class=\"fs-25 has-link-color wp-elements-2251660a0ec67efbff339d9f91afe23d\" style=\"font-size:25px;font-style:normal;font-weight:500\">Vielen Dank f\u00fcr Ihr Verst\u00e4ndnis, dass wir ausschlie\u00dflich schriftliche Bestellungen entgegennehmen k\u00f6nnen. Ihre Bestellung k\u00f6nnen Sie uns gerne per E-Mail an <a href=\"mailto:kundenservice@avextra.com\" target=\"_blank\" rel=\"noreferrer noopener\"><mark style=\"background-color:rgba(0, 0, 0, 0)\" class=\"has-inline-color has-primary-color\">kundenservice@avextra.com<\/mark><\/a> oder per Fax an <a href=\"tel:+4962518265280\"><mark style=\"background-color:rgba(0, 0, 0, 0)\" class=\"has-inline-color has-extrablue-75-color\">+49 (0)6251 8265-282<\/mark><\/a> \u00fcbersenden. <\/p>\n<\/div>\n<\/div>\n<\/div>\n\n\n\n<div style=\"height:50px\" aria-hidden=\"true\" class=\"wp-block-spacer spacer-150\"><\/div>\n\n\n\n<div id=\"kontaktformular\" class=\"wp-block-group px-3 px-md-4 px-lg-5 is-layout-flow wp-block-group-is-layout-flow\">\n<div class=\"wp-block-columns is-layout-flex wp-container-core-columns-layout-2 wp-block-columns-is-layout-flex\">\n<div class=\"wp-block-column is-layout-flow wp-block-column-is-layout-flow\" style=\"flex-basis:25%\">\n<div style=\"height:70px\" aria-hidden=\"true\" class=\"wp-block-spacer\"><\/div>\n\n\n\n<p style=\"font-size:18px;font-style:normal;font-weight:600\">Sie m\u00f6chten von unserem Au\u00dfendienst besucht werden? Bitte f\u00fcllen Sie zur Terminbuchung das nebenstehende Kontaktformular aus oder kontaktieren Sie unseren Kundendienst telefonisch unter:<\/p>\n\n\n\n<p class=\"fs-30 a-inherit has-primary-color has-text-color\" style=\"font-size:30px;font-style:italic;font-weight:700\"><a href=\"tel:+4962518265280\">Tel.<br>06251 8265-280<\/a><\/p>\n<\/div>\n\n\n\n<div class=\"wp-block-column is-layout-flow wp-block-column-is-layout-flow\" style=\"flex-basis:75%\">\n<h3 class=\"wp-block-heading akzent-cover-headline me-0 ms-0 pt-4 animated fadeInUp has-secondary-color has-text-color\" style=\"font-size:30px;font-style:normal;font-weight:900\">KONTaKTFORMULaR<\/h3>\n\n\n<div class=\"wpforms-container wpforms-container-full\" id=\"wpforms-1123\"><form id=\"wpforms-form-1123\" class=\"wpforms-validate wpforms-form wpforms-ajax-form\" data-formid=\"1123\" method=\"post\" enctype=\"multipart\/form-data\" action=\"\/it\/wp-json\/wp\/v2\/pages\/430\" data-token=\"45c92367d3ec3cef34ce6dcf32bb6c1e\" data-token-time=\"1778163148\"><noscript class=\"wpforms-error-noscript\">Abilita JavaScript nel browser per completare questo modulo.<\/noscript><div class=\"wpforms-field-container\"><div id=\"wpforms-1123-field_1-container\" class=\"wpforms-field wpforms-field-name\" data-field-id=\"1\"><label class=\"wpforms-field-label wpforms-label-hide\" for=\"wpforms-1123-field_1\">Name <span class=\"wpforms-required-label\">*<\/span><\/label><div class=\"wpforms-field-row wpforms-field-large\"><div class=\"wpforms-field-row-block wpforms-first wpforms-one-half\"><input type=\"text\" id=\"wpforms-1123-field_1\" class=\"wpforms-field-name-first wpforms-field-required\" name=\"wpforms[fields][1][first]\" placeholder=\"Vorname\" required><label for=\"wpforms-1123-field_1\" class=\"wpforms-field-sublabel after wpforms-sublabel-hide\">Nome<\/label><\/div><div class=\"wpforms-field-row-block wpforms-one-half\"><input type=\"text\" id=\"wpforms-1123-field_1-last\" class=\"wpforms-field-name-last wpforms-field-required\" name=\"wpforms[fields][1][last]\" placeholder=\"Nachname\" required><label for=\"wpforms-1123-field_1-last\" class=\"wpforms-field-sublabel after wpforms-sublabel-hide\">Cognome<\/label><\/div><\/div><\/div><div id=\"wpforms-1123-field_2-container\" class=\"wpforms-field wpforms-field-text\" data-field-id=\"2\"><label class=\"wpforms-field-label wpforms-label-hide\" for=\"wpforms-1123-field_2\">Firma<\/label><input type=\"text\" id=\"wpforms-1123-field_2\" class=\"wpforms-field-large\" name=\"wpforms[fields][2]\" placeholder=\"Firma\" ><\/div><div id=\"wpforms-1123-field_6-container\" class=\"wpforms-field wpforms-field-email\" data-field-id=\"6\"><label class=\"wpforms-field-label wpforms-label-hide\" for=\"wpforms-1123-field_6\">E-Mail <span class=\"wpforms-required-label\">*<\/span><\/label><input type=\"email\" id=\"wpforms-1123-field_6\" class=\"wpforms-field-large wpforms-field-required\" name=\"wpforms[fields][6]\" placeholder=\"E-Mail\" spellcheck=\"false\" required><\/div><div id=\"wpforms-1123-field_7-container\" class=\"wpforms-field wpforms-field-text\" data-field-id=\"7\"><label class=\"wpforms-field-label wpforms-label-hide\" for=\"wpforms-1123-field_7\">Praxis oder Unternehmen <span class=\"wpforms-required-label\">*<\/span><\/label><input type=\"text\" id=\"wpforms-1123-field_7\" class=\"wpforms-field-large wpforms-field-required\" name=\"wpforms[fields][7]\" placeholder=\"Praxis oder Unternehmen\" required><\/div><div id=\"wpforms-1123-field_3-container\" class=\"wpforms-field wpforms-field-text\" data-field-id=\"3\"><label class=\"wpforms-field-label wpforms-label-hide\" for=\"wpforms-1123-field_3\">Telefon<\/label><input type=\"text\" id=\"wpforms-1123-field_3\" class=\"wpforms-field-large\" name=\"wpforms[fields][3]\" placeholder=\"Telefon\" ><\/div><div id=\"wpforms-1123-field_8-container\" class=\"wpforms-field wpforms-field-select wpforms-field-select-style-classic\" data-field-id=\"8\"><label class=\"wpforms-field-label wpforms-label-hide\" for=\"wpforms-1123-field_8\">Bundesland<\/label><select id=\"wpforms-1123-field_8\" class=\"wpforms-field-large\" name=\"wpforms[fields][8]\"><option value=\"\" class=\"placeholder\" disabled  selected='selected'>Bundesland<\/option><option value=\"Baden-W\u00fcrttemberg\"  class=\"choice-4 depth-1\"  >Baden-W\u00fcrttemberg<\/option><option value=\"Bayern\"  class=\"choice-1 depth-1\"  >Bayern<\/option><option value=\"Berlin\"  class=\"choice-2 depth-1\"  >Berlin<\/option><option value=\"Brandenburg\"  class=\"choice-3 depth-1\"  >Brandenburg<\/option><option value=\"Bremen\"  class=\"choice-5 depth-1\"  >Bremen<\/option><option value=\"Hamburg\"  class=\"choice-6 depth-1\"  >Hamburg<\/option><option value=\"Hessen\"  class=\"choice-7 depth-1\"  >Hessen<\/option><option value=\"Mecklenburg-Vorpommern\"  class=\"choice-8 depth-1\"  >Mecklenburg-Vorpommern<\/option><option value=\"Niedersachsen\"  class=\"choice-9 depth-1\"  >Niedersachsen<\/option><option value=\"Nordrhein-Westfalen\"  class=\"choice-10 depth-1\"  >Nordrhein-Westfalen<\/option><option value=\"Rheinland-Pfalz\"  class=\"choice-11 depth-1\"  >Rheinland-Pfalz<\/option><option value=\"Saarland\"  class=\"choice-12 depth-1\"  >Saarland<\/option><option value=\"Sachsen-Anhalt\"  class=\"choice-13 depth-1\"  >Sachsen-Anhalt<\/option><option value=\"Sachsen\"  class=\"choice-14 depth-1\"  >Sachsen<\/option><option value=\"Schleswig-Holstein\"  class=\"choice-15 depth-1\"  >Schleswig-Holstein<\/option><option value=\"Th\u00fcringen\"  class=\"choice-16 depth-1\"  >Th\u00fcringen<\/option><\/select><\/div><div id=\"wpforms-1123-field_9-container\" class=\"wpforms-field wpforms-field-text\" data-field-id=\"9\"><label class=\"wpforms-field-label wpforms-label-hide\" for=\"wpforms-1123-field_9\">Anschrift<\/label><input type=\"text\" id=\"wpforms-1123-field_9\" class=\"wpforms-field-large\" name=\"wpforms[fields][9]\" placeholder=\"Anschrift\" ><\/div><div id=\"wpforms-1123-field_4-container\" class=\"wpforms-field wpforms-field-textarea\" data-field-id=\"4\"><label class=\"wpforms-field-label wpforms-label-hide\" for=\"wpforms-1123-field_4\">Nachricht<\/label><textarea id=\"wpforms-1123-field_4\" class=\"wpforms-field-medium\" name=\"wpforms[fields][4]\" placeholder=\"Nachricht\" ><\/textarea><\/div><div id=\"wpforms-1123-field_5-container\" class=\"wpforms-field wpforms-field-checkbox\" data-field-id=\"5\"><label class=\"wpforms-field-label wpforms-label-hide\">Datenschutz <span class=\"wpforms-required-label\">*<\/span><\/label><ul id=\"wpforms-1123-field_5\" class=\"wpforms-field-required\"><li class=\"choice-1 depth-1\"><input type=\"checkbox\" id=\"wpforms-1123-field_5_1\" name=\"wpforms[fields][5][]\" value=\"Durch die Verwendung dieses Formulars stimmen Sie der Speicherung und Verarbeitung Ihrer Daten durch diese Webseite zu. Weitere Informationen zum Umgang mit Ihren Daten finden Sie in unserem Datenschutz\" required ><label class=\"wpforms-field-label-inline\" for=\"wpforms-1123-field_5_1\">Durch die Verwendung dieses Formulars stimmen Sie der Speicherung und Verarbeitung Ihrer Daten durch diese Webseite zu. Weitere Informationen zum Umgang mit Ihren Daten finden Sie in unserem Datenschutz<\/label><\/li><\/ul><\/div><\/div><!-- .wpforms-field-container --><div class=\"wpforms-recaptcha-container wpforms-is-recaptcha wpforms-is-recaptcha-type-v3\" ><input type=\"hidden\" name=\"wpforms[recaptcha]\" value=\"\"><\/div><div class=\"wpforms-submit-container\" ><input type=\"hidden\" name=\"wpforms[id]\" value=\"1123\"><input type=\"hidden\" name=\"page_title\" value=\"\"><input type=\"hidden\" name=\"page_url\" value=\"https:\/\/avextra.com\/it\/wp-json\/wp\/v2\/pages\/430\"><input type=\"hidden\" name=\"url_referer\" value=\"\"><button type=\"submit\" name=\"wpforms[submit]\" id=\"wpforms-submit-1123\" class=\"wpforms-submit\" data-alt-text=\"Senden\u2026\" data-submit-text=\"Nachricht senden\" aria-live=\"assertive\" value=\"wpforms-submit\">Nachricht senden<\/button><img decoding=\"async\" src=\"https:\/\/avextra.com\/wp-content\/plugins\/wpforms\/assets\/images\/submit-spin.svg\" class=\"wpforms-submit-spinner\" style=\"display: none;\" width=\"26\" height=\"26\" alt=\"Caricamento\"><\/div><\/form><\/div>  <!-- .wpforms-container -->\n<\/div>\n<\/div>\n<\/div>\n\n\n\n<div style=\"height:75px\" aria-hidden=\"true\" class=\"wp-block-spacer akzent-spacer right px-3 px-md-4 px-lg-5\"><\/div>\n\n\n\n<div id=\"adressen\" class=\"wp-block-group px-3 px-md-4 px-lg-5 pb-5 mb-5 is-layout-flow wp-block-group-is-layout-flow\">\n<div class=\"wp-block-columns is-layout-flex wp-container-core-columns-layout-3 wp-block-columns-is-layout-flex\">\n<div class=\"wp-block-column is-vertically-aligned-bottom is-layout-flow wp-block-column-is-layout-flow\" style=\"flex-basis:25%\">\n<h3 class=\"wp-block-heading fs-30 has-primary-color has-text-color\" style=\"font-size:30px;font-style:normal;font-weight:700;text-transform:uppercase\">Avextra<br>Pharma GMBH<\/h3>\n\n\n\n<p style=\"font-style:normal;font-weight:500\"><a href=\"#\">Kurf\u00fcrstendamm 195<br>10707 Berlin<\/a><\/p>\n<\/div>\n\n\n\n<div class=\"wp-block-column is-layout-flow wp-block-column-is-layout-flow\" style=\"flex-basis:75%\">\n<h3 class=\"wp-block-heading akzent-cover-headline me-0 ms-0 pt-4 animated fadeInUp has-secondary-color has-text-color\" style=\"font-size:30px;font-style:normal;font-weight:900\">aDRESSEN<\/h3>\n\n\n\n<figure class=\"wp-block-image size-large image-w-100\"><img decoding=\"async\" width=\"1024\" height=\"672\" src=\"https:\/\/avextra.com\/wp-content\/uploads\/2022\/10\/Avextra-Pharma-GmbH-1024x672.jpg\" alt=\"\" class=\"wp-image-1130\" srcset=\"https:\/\/avextra.com\/wp-content\/uploads\/2022\/10\/Avextra-Pharma-GmbH-1024x672.jpg 1024w, https:\/\/avextra.com\/wp-content\/uploads\/2022\/10\/Avextra-Pharma-GmbH-300x197.jpg 300w, https:\/\/avextra.com\/wp-content\/uploads\/2022\/10\/Avextra-Pharma-GmbH-768x504.jpg 768w, https:\/\/avextra.com\/wp-content\/uploads\/2022\/10\/Avextra-Pharma-GmbH-18x12.jpg 18w, https:\/\/avextra.com\/wp-content\/uploads\/2022\/10\/Avextra-Pharma-GmbH.jpg 1496w\" sizes=\"(max-width: 1024px) 100vw, 1024px\" \/><\/figure>\n<\/div>\n<\/div>\n\n\n\n<div class=\"wp-block-columns pt-4 is-layout-flex wp-container-core-columns-layout-4 wp-block-columns-is-layout-flex\">\n<div class=\"wp-block-column is-vertically-aligned-bottom is-layout-flow wp-block-column-is-layout-flow\" style=\"flex-basis:25%\">\n<h3 class=\"wp-block-heading fs-30 has-primary-color has-text-color\" style=\"font-size:30px;font-style:normal;font-weight:700;text-transform:uppercase\">Avextra AG<\/h3>\n\n\n\n<p style=\"font-style:normal;font-weight:500\"><a href=\"#\">Berliner Ring 22<br>64625 Bensheim<\/a><\/p>\n<\/div>\n\n\n\n<div class=\"wp-block-column is-layout-flow wp-block-column-is-layout-flow\" style=\"flex-basis:75%\">\n<figure class=\"wp-block-image size-large image-w-100\"><img decoding=\"async\" width=\"1024\" height=\"671\" src=\"https:\/\/avextra.com\/wp-content\/uploads\/2022\/10\/Avextra-AG-1024x671.jpg\" alt=\"\" class=\"wp-image-1131\" srcset=\"https:\/\/avextra.com\/wp-content\/uploads\/2022\/10\/Avextra-AG-1024x671.jpg 1024w, https:\/\/avextra.com\/wp-content\/uploads\/2022\/10\/Avextra-AG-300x197.jpg 300w, https:\/\/avextra.com\/wp-content\/uploads\/2022\/10\/Avextra-AG-768x503.jpg 768w, https:\/\/avextra.com\/wp-content\/uploads\/2022\/10\/Avextra-AG-18x12.jpg 18w, https:\/\/avextra.com\/wp-content\/uploads\/2022\/10\/Avextra-AG.jpg 1498w\" sizes=\"(max-width: 1024px) 100vw, 1024px\" \/><\/figure>\n<\/div>\n<\/div>\n<\/div>\n\n\n\n<div class=\"wp-block-group py-4 py-md-5 container-full mb-100 has-primary-background-color has-background is-layout-flow wp-block-group-is-layout-flow\">\n<div class=\"wp-block-group is-layout-flow wp-block-group-is-layout-flow\">\n<div class=\"wp-block-columns px-3 px-md-4 px-lg-5 has-white-color has-text-color is-layout-flex wp-container-core-columns-layout-5 wp-block-columns-is-layout-flex\">\n<div class=\"wp-block-column is-layout-flow wp-block-column-is-layout-flow\" style=\"flex-basis:25%\">\n<figure class=\"wp-block-image aligncenter size-large\"><img decoding=\"async\" width=\"104\" height=\"103\" src=\"https:\/\/avextra.com\/wp-content\/uploads\/2022\/10\/Gruppe-2142.svg\" alt=\"\" class=\"wp-image-1139\"\/><\/figure>\n<\/div>\n\n\n\n<div class=\"wp-block-column is-layout-flow wp-block-column-is-layout-flow\" style=\"flex-basis:75%\">\n<p class=\"fs-40\" style=\"font-size:40px;font-style:normal;font-weight:700\"><a href=\"mailto:kundenservice@avextra.com\">kundenservice@avextra.com<\/a><\/p>\n\n\n\n<p class=\"fs-40\" style=\"font-size:40px;font-style:normal;font-weight:700\"><a href=\"mailto:info@avextra.com\">info@avextra.com<\/a><\/p>\n<\/div>\n<\/div>\n\n\n\n<div class=\"wp-block-group animated fadeInUp white is-vertical is-content-justification-center is-layout-flex wp-container-core-group-layout-6 wp-block-group-is-layout-flex\">\n<div style=\"height:0px\" aria-hidden=\"true\" class=\"wp-block-spacer wp-container-content-1\"><\/div>\n\n\n\n<figure class=\"wp-block-image size-large mx-auto scroll-up white pb-5\"><img decoding=\"async\" width=\"32\" height=\"47\" src=\"https:\/\/avextra.com\/wp-content\/uploads\/2022\/11\/Gruppe-2156.svg\" alt=\"\" class=\"wp-image-1612\"\/><\/figure>\n<\/div>\n<\/div>\n<\/div>\n","protected":false},"excerpt":{"rendered":"<p>Kontaktformular Ansprechpartner Adressen Kontakt Gemeinsam mehr erreichen: Erfahrungen teilen und die Zukunft gestalten. Gerne zusammen mit Ihnen! F\u00fcr Ihr pers\u00f6nliches Angebot wenden Sie sich bitte unter folgender Telefonnummer an unseren Kundenservice: +49 (0)6251 8265-280 Wichtiger Hinweis: Vielen Dank f\u00fcr Ihr Verst\u00e4ndnis, dass wir ausschlie\u00dflich schriftliche Bestellungen entgegennehmen k\u00f6nnen. Ihre Bestellung k\u00f6nnen Sie uns gerne per [&hellip;]<\/p>\n","protected":false},"author":1,"featured_media":0,"parent":0,"menu_order":0,"comment_status":"closed","ping_status":"closed","template":"","meta":{"inline_featured_image":false,"advgb_blocks_editor_width":"","advgb_blocks_columns_visual_guide":"","footnotes":""},"yoast_head":"<!-- This site is optimized with the Yoast SEO plugin v23.5 - https:\/\/yoast.com\/wordpress\/plugins\/seo\/ -->\n<title>Kontakt - Avextra Pharma GmbH<\/title>\n<meta name=\"description\" content=\"Hier finden Sie alle Kontaktm\u00f6glichkeiten mit Avextra: Sie erreichen uns per E-Mail, Kontaktformular oder Telefonnummer. Jetzt Anfragen!\" \/>\n<meta name=\"robots\" content=\"index, follow, max-snippet:-1, max-image-preview:large, max-video-preview:-1\" \/>\n<link rel=\"canonical\" href=\"https:\/\/avextra.com\/it\/kontakt\/\" \/>\n<meta property=\"og:locale\" content=\"it_IT\" \/>\n<meta property=\"og:type\" content=\"article\" \/>\n<meta property=\"og:title\" content=\"Kontakt - Avextra Pharma GmbH\" \/>\n<meta property=\"og:description\" content=\"Hier finden Sie alle Kontaktm\u00f6glichkeiten mit Avextra: Sie erreichen uns per E-Mail, Kontaktformular oder Telefonnummer. Jetzt Anfragen!\" \/>\n<meta property=\"og:url\" content=\"https:\/\/avextra.com\/it\/kontakt\/\" \/>\n<meta property=\"og:site_name\" content=\"Cannabisbasierte Arzneimittel von Avextra\" \/>\n<meta property=\"article:modified_time\" content=\"2025-08-27T11:08:53+00:00\" \/>\n<meta property=\"og:image\" content=\"https:\/\/avextra.com\/wp-content\/uploads\/2022\/10\/Avextra-Pharma-GmbH-1024x672.jpg\" \/>\n<meta name=\"twitter:card\" content=\"summary_large_image\" \/>\n<meta name=\"twitter:label1\" content=\"Tempo di lettura stimato\" \/>\n\t<meta name=\"twitter:data1\" content=\"2 minuti\" \/>\n<script type=\"application\/ld+json\" class=\"yoast-schema-graph\">{\"@context\":\"https:\/\/schema.org\",\"@graph\":[{\"@type\":\"WebPage\",\"@id\":\"https:\/\/avextra.com\/kontakt\/\",\"url\":\"https:\/\/avextra.com\/kontakt\/\",\"name\":\"Kontakt - Avextra Pharma GmbH\",\"isPartOf\":{\"@id\":\"https:\/\/avextra.com\/#website\"},\"primaryImageOfPage\":{\"@id\":\"https:\/\/avextra.com\/kontakt\/#primaryimage\"},\"image\":{\"@id\":\"https:\/\/avextra.com\/kontakt\/#primaryimage\"},\"thumbnailUrl\":\"https:\/\/avextra.com\/wp-content\/uploads\/2022\/10\/Avextra-Pharma-GmbH-1024x672.jpg\",\"datePublished\":\"2022-09-02T09:22:29+00:00\",\"dateModified\":\"2025-08-27T11:08:53+00:00\",\"description\":\"Hier finden Sie alle Kontaktm\u00f6glichkeiten mit Avextra: Sie erreichen uns per E-Mail, Kontaktformular oder Telefonnummer. Jetzt Anfragen!\",\"breadcrumb\":{\"@id\":\"https:\/\/avextra.com\/kontakt\/#breadcrumb\"},\"inLanguage\":\"it-IT\",\"potentialAction\":[{\"@type\":\"ReadAction\",\"target\":[\"https:\/\/avextra.com\/kontakt\/\"]}]},{\"@type\":\"ImageObject\",\"inLanguage\":\"it-IT\",\"@id\":\"https:\/\/avextra.com\/kontakt\/#primaryimage\",\"url\":\"https:\/\/avextra.com\/wp-content\/uploads\/2022\/10\/Avextra-Pharma-GmbH-1024x672.jpg\",\"contentUrl\":\"https:\/\/avextra.com\/wp-content\/uploads\/2022\/10\/Avextra-Pharma-GmbH-1024x672.jpg\"},{\"@type\":\"BreadcrumbList\",\"@id\":\"https:\/\/avextra.com\/kontakt\/#breadcrumb\",\"itemListElement\":[{\"@type\":\"ListItem\",\"position\":1,\"name\":\"Startseite\",\"item\":\"https:\/\/avextra.com\/\"},{\"@type\":\"ListItem\",\"position\":2,\"name\":\"Kontakt\"}]},{\"@type\":\"WebSite\",\"@id\":\"https:\/\/avextra.com\/#website\",\"url\":\"https:\/\/avextra.com\/\",\"name\":\"Cannabisbasierte Arzneimittel von Avextra\",\"description\":\"\",\"publisher\":{\"@id\":\"https:\/\/avextra.com\/#organization\"},\"potentialAction\":[{\"@type\":\"SearchAction\",\"target\":{\"@type\":\"EntryPoint\",\"urlTemplate\":\"https:\/\/avextra.com\/?s={search_term_string}\"},\"query-input\":{\"@type\":\"PropertyValueSpecification\",\"valueRequired\":true,\"valueName\":\"search_term_string\"}}],\"inLanguage\":\"it-IT\"},{\"@type\":\"Organization\",\"@id\":\"https:\/\/avextra.com\/#organization\",\"name\":\"Avextra Pharma GmbH\",\"url\":\"https:\/\/avextra.com\/\",\"logo\":{\"@type\":\"ImageObject\",\"inLanguage\":\"it-IT\",\"@id\":\"https:\/\/avextra.com\/#\/schema\/logo\/image\/\",\"url\":\"https:\/\/avextra.com\/wp-content\/uploads\/2022\/08\/AVX-Logo_Wortmarke-Balken_extrablue.svg\",\"contentUrl\":\"https:\/\/avextra.com\/wp-content\/uploads\/2022\/08\/AVX-Logo_Wortmarke-Balken_extrablue.svg\",\"caption\":\"Avextra Pharma GmbH\"},\"image\":{\"@id\":\"https:\/\/avextra.com\/#\/schema\/logo\/image\/\"},\"sameAs\":[\"https:\/\/www.linkedin.com\/company\/avextra-ag\/\",\"https:\/\/www.xing.com\/pages\/avextra\"]}]}<\/script>\n<!-- \/ Yoast SEO plugin. -->","yoast_head_json":{"title":"Kontakt - Avextra Pharma GmbH","description":"Hier finden Sie alle Kontaktm\u00f6glichkeiten mit Avextra: Sie erreichen uns per E-Mail, Kontaktformular oder Telefonnummer. Jetzt Anfragen!","robots":{"index":"index","follow":"follow","max-snippet":"max-snippet:-1","max-image-preview":"max-image-preview:large","max-video-preview":"max-video-preview:-1"},"canonical":"https:\/\/avextra.com\/it\/kontakt\/","og_locale":"it_IT","og_type":"article","og_title":"Kontakt - Avextra Pharma GmbH","og_description":"Hier finden Sie alle Kontaktm\u00f6glichkeiten mit Avextra: Sie erreichen uns per E-Mail, Kontaktformular oder Telefonnummer. Jetzt Anfragen!","og_url":"https:\/\/avextra.com\/it\/kontakt\/","og_site_name":"Cannabisbasierte Arzneimittel von Avextra","article_modified_time":"2025-08-27T11:08:53+00:00","og_image":[{"url":"https:\/\/avextra.com\/wp-content\/uploads\/2022\/10\/Avextra-Pharma-GmbH-1024x672.jpg"}],"twitter_card":"summary_large_image","twitter_misc":{"Tempo di lettura stimato":"2 minuti"},"schema":{"@context":"https:\/\/schema.org","@graph":[{"@type":"WebPage","@id":"https:\/\/avextra.com\/kontakt\/","url":"https:\/\/avextra.com\/kontakt\/","name":"Kontakt - Avextra Pharma GmbH","isPartOf":{"@id":"https:\/\/avextra.com\/#website"},"primaryImageOfPage":{"@id":"https:\/\/avextra.com\/kontakt\/#primaryimage"},"image":{"@id":"https:\/\/avextra.com\/kontakt\/#primaryimage"},"thumbnailUrl":"https:\/\/avextra.com\/wp-content\/uploads\/2022\/10\/Avextra-Pharma-GmbH-1024x672.jpg","datePublished":"2022-09-02T09:22:29+00:00","dateModified":"2025-08-27T11:08:53+00:00","description":"Hier finden Sie alle Kontaktm\u00f6glichkeiten mit Avextra: Sie erreichen uns per E-Mail, Kontaktformular oder Telefonnummer. Jetzt Anfragen!","breadcrumb":{"@id":"https:\/\/avextra.com\/kontakt\/#breadcrumb"},"inLanguage":"it-IT","potentialAction":[{"@type":"ReadAction","target":["https:\/\/avextra.com\/kontakt\/"]}]},{"@type":"ImageObject","inLanguage":"it-IT","@id":"https:\/\/avextra.com\/kontakt\/#primaryimage","url":"https:\/\/avextra.com\/wp-content\/uploads\/2022\/10\/Avextra-Pharma-GmbH-1024x672.jpg","contentUrl":"https:\/\/avextra.com\/wp-content\/uploads\/2022\/10\/Avextra-Pharma-GmbH-1024x672.jpg"},{"@type":"BreadcrumbList","@id":"https:\/\/avextra.com\/kontakt\/#breadcrumb","itemListElement":[{"@type":"ListItem","position":1,"name":"Startseite","item":"https:\/\/avextra.com\/"},{"@type":"ListItem","position":2,"name":"Kontakt"}]},{"@type":"WebSite","@id":"https:\/\/avextra.com\/#website","url":"https:\/\/avextra.com\/","name":"Cannabisbasierte Arzneimittel von Avextra","description":"","publisher":{"@id":"https:\/\/avextra.com\/#organization"},"potentialAction":[{"@type":"SearchAction","target":{"@type":"EntryPoint","urlTemplate":"https:\/\/avextra.com\/?s={search_term_string}"},"query-input":{"@type":"PropertyValueSpecification","valueRequired":true,"valueName":"search_term_string"}}],"inLanguage":"it-IT"},{"@type":"Organization","@id":"https:\/\/avextra.com\/#organization","name":"Avextra Pharma GmbH","url":"https:\/\/avextra.com\/","logo":{"@type":"ImageObject","inLanguage":"it-IT","@id":"https:\/\/avextra.com\/#\/schema\/logo\/image\/","url":"https:\/\/avextra.com\/wp-content\/uploads\/2022\/08\/AVX-Logo_Wortmarke-Balken_extrablue.svg","contentUrl":"https:\/\/avextra.com\/wp-content\/uploads\/2022\/08\/AVX-Logo_Wortmarke-Balken_extrablue.svg","caption":"Avextra Pharma GmbH"},"image":{"@id":"https:\/\/avextra.com\/#\/schema\/logo\/image\/"},"sameAs":["https:\/\/www.linkedin.com\/company\/avextra-ag\/","https:\/\/www.xing.com\/pages\/avextra"]}]}},"coauthors":[],"author_meta":{"author_link":"https:\/\/avextra.com\/it\/author\/mhorn\/","display_name":"MHorn"},"relative_dates":{"created":"Pubblicato 4 anni fa","modified":"Aggiornato 8 mesi fa"},"absolute_dates":{"created":"Pubblicato il 2. Settembre 2022","modified":"Aggiornato il 27. Agosto 2025"},"absolute_dates_time":{"created":"Pubblicato il 2. Settembre 2022 11:22","modified":"Aggiornato il 27. Agosto 2025 13:08"},"featured_img_caption":"","featured_img":false,"series_order":"","_links":{"self":[{"href":"https:\/\/avextra.com\/it\/wp-json\/wp\/v2\/pages\/430"}],"collection":[{"href":"https:\/\/avextra.com\/it\/wp-json\/wp\/v2\/pages"}],"about":[{"href":"https:\/\/avextra.com\/it\/wp-json\/wp\/v2\/types\/page"}],"author":[{"embeddable":true,"href":"https:\/\/avextra.com\/it\/wp-json\/wp\/v2\/users\/1"}],"replies":[{"embeddable":true,"href":"https:\/\/avextra.com\/it\/wp-json\/wp\/v2\/comments?post=430"}],"version-history":[{"count":5,"href":"https:\/\/avextra.com\/it\/wp-json\/wp\/v2\/pages\/430\/revisions"}],"predecessor-version":[{"id":5123,"href":"https:\/\/avextra.com\/it\/wp-json\/wp\/v2\/pages\/430\/revisions\/5123"}],"wp:attachment":[{"href":"https:\/\/avextra.com\/it\/wp-json\/wp\/v2\/media?parent=430"}],"curies":[{"name":"wp","href":"https:\/\/api.w.org\/{rel}","templated":true}]}}